{"id":1245,"date":"2021-03-02T23:04:17","date_gmt":"2021-03-02T22:04:17","guid":{"rendered":"https:\/\/sakino.de\/?page_id=1245"},"modified":"2025-01-09T16:57:21","modified_gmt":"2025-01-09T15:57:21","slug":"veroffentlichungen","status":"publish","type":"page","link":"https:\/\/sakino.de\/de\/veroffentlichungen\/","title":{"rendered":"Ver\u00f6ffentlichungen"},"content":{"rendered":"<p style=\"text-align: right;\"><a href=\"https:\/\/sakino.de\/publications\/\"><img loading=\"lazy\" decoding=\"async\" class=\"alignright wp-image-170 size-full\" src=\"https:\/\/sakino.de\/wp-content\/uploads\/2015\/08\/United_Kingdom.png\" alt=\"\" width=\"20\" height=\"12\" \/><\/a><\/p>\n<p>&nbsp;<\/p>\n<table>\n<tbody>\n<tr>\n<td colspan=\"3\">&#8222;Wie bewegt man einen Elefanten,Weg vom Trauma &#8211; hin zum Leben&#8220;<\/td>\n<\/tr>\n<tr>\n<td colspan=\"2\">\u00a0<a href=\"https:\/\/www.sakino.de\/wp-content\/uploads\/2015\/08\/buch.gif\"><img loading=\"lazy\" decoding=\"async\" class=\" size-full wp-image-35 aligncenter\" src=\"https:\/\/www.sakino.de\/wp-content\/uploads\/2015\/08\/buch.gif\" alt=\"buch\" width=\"198\" height=\"283\" \/><\/a><\/td>\n<td rowspan=\"2\"><\/td>\n<\/tr>\n<tr>\n<td><\/td>\n<td>&#8222;Sakino Mathilde Sternbergs Buch ist ein Treffer. Liebevoll nimmt sie ihre Leser an die Hand und begleitet sie auf einem Weg, den sie selber gut kennt, mit all seinen Hindernissen, T\u00fccken, Abgr\u00fcnden und lustvollen Ausblicken. Bescheiden und ehrlich spricht die Autorin aus eigener Erfahrung und \u00fcberzeugt durch eine Professionalit\u00e4t, die sich auch in der transparenten Leichtigkeit ihres Stils ausdr\u00fcckt. Wir nehmen den Elefanten unserer kleinen und gro\u00dfen Probleme beim R\u00fcssel und f\u00fchren ihn fast spielerisch von Wasserloch zu Wasserloch. Dort flie\u00dft uns Kraft zu und die Gewissheit, dass das Leben immer wieder sch\u00f6n sein kann, wenn nur der Elefant sich bewegt.&#8220;(J\u00f6rg Andrees Elten)<\/p>\n<h2><u>A completely revised English edition of my book: <\/u><u>&#8218;How to move an elephant &#8211; Embracing Life beyond Trauma&#8216; <\/u>is currently in progress and will be published shortly.\u00a0 Stay tuned! Here is a sneak peak:<\/h2>\n<p><strong>Dear reader!<\/strong><\/p>\n<p>Many years ago, I attended a trauma healing conference in Berlin. I was not expecting anything significant to come out of it. But then something very surprising happened! Luise Reddemann, a well- known German trauma therapist, gave a lecture on the factors of resilience, those particular aspects that make it possible for an individual to recover from difficult life experiences and, consequently, to find a way to lead a fulfilled life. Many aspects she mentioned in the lecture were familiar for me. I realized that these particular aspects of resilience &#8211; well-known and most important healing components in trauma therapy &#8211; are what I myself had discovered purely through my own life experience. I felt inspired and happy about this. This confirmed for me that through the experiences I had had first hand, I had acquired a valid basis for my own insights around healing trauma. I had not merely imagined it: I had personally discovered and personally tested and proven how to successfully emerge from trauma into embracing a fulfilled life.<\/p>\n<p>Dear reader, I will take you on the most beautiful journey imaginable: The journey towards yourself. I am so excited that you take the time to read this book and I truly hope that you will benefit from it for your own life. Reading has always been one of my greatest pleasures. I was born at a time when television was already accessible, however this was not the case in the home I grew up in. Reading was the only means by which I could nourish my fantasies and escape the misery of daily life by immersing myself in other people\u2019s stories. These stories were often dramatic, but mostly turned out for the best. The books were colorful, the characters were ordinary people, or out of a fairytale. They fed my dreams, hopes and wishes. For me, a good book is like a good friend who supports and guides me, encourages me, sets me straight, and helps me to stay on the ball!<\/p>\n<p>Above all, I have written this book to support you to dare to be the person you truly are. I hope that it will be a source of encouragement and guidance and perhaps also rejuvenate you when you feel you have lost strength. I believe that the reason people often give up is because they feel alone, with no-one to turn to, who they can talk to. I know how it can be when nothing moves forward because I am afraid to take the next step. It was often difficult for me to admit that I needed help. Of course, a book cannot be a substitute for the very real support and help one can receive from the right people. But a book can be a \u2018pocket friend\u2019, filled with tips, suggestions, insights and motivation, available to you when you most need it.<\/p>\n<p>About the title of the book: A participant in one of my workshops on vision and goal setting, had become overwhelmed with self-doubt and expressed the following: \u201c I have been working on this for so many years and nothing has changed, I feel I am incapable of being the way I want to be. I am continually falling back into old ways of doing things, I don\u2019t get it, I just feel like giving up!\u201d That was the moment when the symbol of the elephant came to my mind. Because of their great size and weight, elephants are very slow animals. However, they are also good-natured, determined, very intelligent and have a very good memory. They are playful, they like to havoc and they can also be surprisingly fast when they want to be. I believe the human psyche is a bit like an elephant. We have to make friends with all of its unique qualities, not give up on it, stick with it, lovingly accept it and patiently support it to move into the direction we chose.<\/p>\n<p>But, how are we supposed to encourage the \u2018elephant\u2019 of our psyche to start climbing the steep hill of personal growth and transformation? Well, with a lot of patience, endurance, love, purposefully, playfully and one step at a time. Bear in mind that there is one element the elephant will always take to effortlessly: Water. So, find your own element, your own path, and you will be able to achieve a fulfilled and happy life.<\/p>\n<p>Researchers have discovered that about fifty percent of our ability to feel happy is innate in us. The other fifty percent is up to us. That certainly is a real opportunity, isn\u2019t it?\u00a0 Thomas von Aquin once said: \u201cHealth is not so much a state, as it is an attitude. And health thrives with the joy of being alive.\u201d<\/p>\n<p>What exactly is so special about this book? There are hundreds of self-help books out there. Why should you read this book in particular? I feel that with my upbringing, my history and my talents I am in a unique position, as all of it has led to the determination I have, to overcome obstacles and barriers and to become the best version of myself. This is apparent, for instance, in the opportunities I have taken, and a strong will and inner strength that have helped me grow beyond what I thought I was capable of. I have never given up, no matter how many stones have been strewn on the path, or how many setbacks I have endured. My strong faith in possibilities, and a deep trust in a higher force have supported me to keep going.<\/p>\n<p>I was not born with a golden spoon in my mouth, in fact the complete opposite: My family were poor, restrictive and not particularly intelligent or open-minded. I grew up with violence, abuse and traumatization. But I had such a strong life force, and luckily there were a few people who also noticed this, myself included. It is because of this and because there are so many people just like me, that I wrote this book. I hope this will give you the courage to begin walking YOUR path and not give up!<\/p>\n<p>I am an inspiration because I am nothing special. I will tell you how I arrived in myself, how I found my way, how I keep going, what has helped me, and what still continues to help me, as the journey never ends.<\/p>\n<p>I wish you much joy on the journey with your elephant!<\/p>\n<p>Since I wrote this preamble, almost 20 years have passed. My life changed completely. After the very painful separation from my husband in 2008 I lived alone for 14 years. I focused all my energy on my work and created a wonderful therapy program called \u2018Heal your Roots\u2019, which I am teaching internationally and, since Covid, also online. A year ago, I married\u00a0 the man I had fallen in love with on zoom and via emails. We wrote a book together. which will be published this year. I believe in possibilities, and I encourage you to do so too.<\/p>\n<p><em>With Love\u00a0\u00a0 <\/em><em>Sakino Mathilde Sternberg, <\/em>2025<\/td>\n<\/tr>\n<tr>\n<td><\/td>\n<td>Sie finden einige Publikationen auf meinem Blog (deutsch und englisch)<\/p>\n<p>&nbsp;<\/td>\n<td><\/td>\n<\/tr>\n<\/tbody>\n<\/table>\n","protected":false},"excerpt":{"rendered":"<p>&nbsp; &#8222;Wie bewegt man einen Elefanten,Weg vom Trauma &#8211; hin zum Leben&#8220; \u00a0 &#8222;Sakino Mathilde Sternbergs Buch ist ein Treffer. Liebevoll nimmt sie ihre Leser an die Hand und begleitet sie auf einem Weg, den sie selber gut kennt, mit all seinen Hindernissen, T\u00fccken, Abgr\u00fcnden und lustvollen Ausblicken. Bescheiden und ehrlich spricht die Autorin aus [&hellip;]<\/p>\n","protected":false},"author":1,"featured_media":0,"parent":0,"menu_order":0,"comment_status":"closed","ping_status":"closed","template":"page-templates\/left-right-sidebar.php","meta":{"_locale":"de_DE","_original_post":"http:\/\/www.sakino.de\/?page_id=33","footnotes":""},"class_list":["post-1245","page","type-page","status-publish","hentry","de-DE"],"yoast_head":"<!-- This site is optimized with the Yoast SEO plugin v27.1.1 - https:\/\/yoast.com\/product\/yoast-seo-wordpress\/ -->\n<title>Ver\u00f6ffentlichungen |<\/title>\n<meta name=\"description\" content=\"Ver\u00f6ffentlichungen | &nbsp; &quot;Wie bewegt man einen Elefanten,Weg vom Trauma - hin zum Leben&quot; \u00a0 &quot;Sakino Mathilde Sternbergs Buch ist ein Treffer. Liebevoll nimmt sie ihre Leser | Family Constellations\" \/>\n<meta name=\"robots\" content=\"index, follow, max-snippet:-1, max-image-preview:large, max-video-preview:-1\" \/>\n<link rel=\"canonical\" href=\"https:\/\/sakino.de\/de\/veroffentlichungen\/\" \/>\n<meta property=\"og:locale\" content=\"de_DE\" \/>\n<meta property=\"og:type\" content=\"article\" \/>\n<meta property=\"og:title\" content=\"Ver\u00f6ffentlichungen |\" \/>\n<meta property=\"og:description\" content=\"Ver\u00f6ffentlichungen | &nbsp; &quot;Wie bewegt man einen Elefanten,Weg vom Trauma - hin zum Leben&quot; \u00a0 &quot;Sakino Mathilde Sternbergs Buch ist ein Treffer. Liebevoll nimmt sie ihre Leser | Family Constellations\" \/>\n<meta property=\"og:url\" content=\"https:\/\/sakino.de\/de\/veroffentlichungen\/\" \/>\n<meta property=\"article:publisher\" content=\"https:\/\/www.facebook.com\/BerlinConstellations\/\" \/>\n<meta property=\"article:modified_time\" content=\"2025-01-09T15:57:21+00:00\" \/>\n<meta property=\"og:image\" content=\"https:\/\/sakino.de\/wp-content\/uploads\/2015\/08\/United_Kingdom.png\" \/>\n<meta name=\"twitter:card\" content=\"summary_large_image\" \/>\n<meta name=\"twitter:label1\" content=\"Gesch\u00e4tzte Lesezeit\" \/>\n\t<meta name=\"twitter:data1\" content=\"7\u00a0Minuten\" \/>\n<script type=\"application\/ld+json\" class=\"yoast-schema-graph\">{\"@context\":\"https:\/\/schema.org\",\"@graph\":[{\"@type\":\"WebPage\",\"@id\":\"https:\/\/sakino.de\/de\/veroffentlichungen\/\",\"url\":\"https:\/\/sakino.de\/de\/veroffentlichungen\/\",\"name\":\"Ver\u00f6ffentlichungen |\",\"isPartOf\":{\"@id\":\"https:\/\/sakino.de\/#website\"},\"primaryImageOfPage\":{\"@id\":\"https:\/\/sakino.de\/de\/veroffentlichungen\/#primaryimage\"},\"image\":{\"@id\":\"https:\/\/sakino.de\/de\/veroffentlichungen\/#primaryimage\"},\"thumbnailUrl\":\"https:\/\/sakino.de\/wp-content\/uploads\/2015\/08\/United_Kingdom.png\",\"datePublished\":\"2021-03-02T22:04:17+00:00\",\"dateModified\":\"2025-01-09T15:57:21+00:00\",\"description\":\"Ver\u00f6ffentlichungen | &nbsp; \\\"Wie bewegt man einen Elefanten,Weg vom Trauma - hin zum Leben\\\" \u00a0 \\\"Sakino Mathilde Sternbergs Buch ist ein Treffer. Liebevoll nimmt sie ihre Leser | Family Constellations\",\"breadcrumb\":{\"@id\":\"https:\/\/sakino.de\/de\/veroffentlichungen\/#breadcrumb\"},\"inLanguage\":\"de\",\"potentialAction\":[{\"@type\":\"ReadAction\",\"target\":[\"https:\/\/sakino.de\/de\/veroffentlichungen\/\"]}]},{\"@type\":\"ImageObject\",\"inLanguage\":\"de\",\"@id\":\"https:\/\/sakino.de\/de\/veroffentlichungen\/#primaryimage\",\"url\":\"https:\/\/sakino.de\/wp-content\/uploads\/2015\/08\/United_Kingdom.png\",\"contentUrl\":\"https:\/\/sakino.de\/wp-content\/uploads\/2015\/08\/United_Kingdom.png\",\"width\":20,\"height\":12},{\"@type\":\"BreadcrumbList\",\"@id\":\"https:\/\/sakino.de\/de\/veroffentlichungen\/#breadcrumb\",\"itemListElement\":[{\"@type\":\"ListItem\",\"position\":1,\"name\":\"Home\",\"item\":\"https:\/\/sakino.de\/\"},{\"@type\":\"ListItem\",\"position\":2,\"name\":\"Ver\u00f6ffentlichungen\"}]},{\"@type\":\"WebSite\",\"@id\":\"https:\/\/sakino.de\/#website\",\"url\":\"https:\/\/sakino.de\/\",\"name\":\"\",\"description\":\"\",\"publisher\":{\"@id\":\"https:\/\/sakino.de\/#organization\"},\"potentialAction\":[{\"@type\":\"SearchAction\",\"target\":{\"@type\":\"EntryPoint\",\"urlTemplate\":\"https:\/\/sakino.de\/?s={search_term_string}\"},\"query-input\":{\"@type\":\"PropertyValueSpecification\",\"valueRequired\":true,\"valueName\":\"search_term_string\"}}],\"inLanguage\":\"de\"},{\"@type\":\"Organization\",\"@id\":\"https:\/\/sakino.de\/#organization\",\"name\":\"Sakino | Family Constellations therapy and Trauma Healing\",\"url\":\"https:\/\/sakino.de\/\",\"logo\":{\"@type\":\"ImageObject\",\"inLanguage\":\"de\",\"@id\":\"https:\/\/sakino.de\/#\/schema\/logo\/image\/\",\"url\":\"https:\/\/sakino.de\/wp-content\/uploads\/2018\/09\/joy_of_living.png\",\"contentUrl\":\"https:\/\/sakino.de\/wp-content\/uploads\/2018\/09\/joy_of_living.png\",\"width\":298,\"height\":437,\"caption\":\"Sakino | Family Constellations therapy and Trauma Healing\"},\"image\":{\"@id\":\"https:\/\/sakino.de\/#\/schema\/logo\/image\/\"},\"sameAs\":[\"https:\/\/www.facebook.com\/BerlinConstellations\/\",\"https:\/\/www.instagram.com\/sakino.sternberg\/\",\"https:\/\/www.youtube.com\/channel\/UCIBbVo0pI8OUNKyhBuuU8Dg\"]}]}<\/script>\n<!-- \/ Yoast SEO plugin. -->","yoast_head_json":{"title":"Ver\u00f6ffentlichungen |","description":"Ver\u00f6ffentlichungen | &nbsp; \"Wie bewegt man einen Elefanten,Weg vom Trauma - hin zum Leben\" \u00a0 \"Sakino Mathilde Sternbergs Buch ist ein Treffer. Liebevoll nimmt sie ihre Leser | Family Constellations","robots":{"index":"index","follow":"follow","max-snippet":"max-snippet:-1","max-image-preview":"max-image-preview:large","max-video-preview":"max-video-preview:-1"},"canonical":"https:\/\/sakino.de\/de\/veroffentlichungen\/","og_locale":"de_DE","og_type":"article","og_title":"Ver\u00f6ffentlichungen |","og_description":"Ver\u00f6ffentlichungen | &nbsp; \"Wie bewegt man einen Elefanten,Weg vom Trauma - hin zum Leben\" \u00a0 \"Sakino Mathilde Sternbergs Buch ist ein Treffer. Liebevoll nimmt sie ihre Leser | Family Constellations","og_url":"https:\/\/sakino.de\/de\/veroffentlichungen\/","article_publisher":"https:\/\/www.facebook.com\/BerlinConstellations\/","article_modified_time":"2025-01-09T15:57:21+00:00","og_image":[{"url":"https:\/\/sakino.de\/wp-content\/uploads\/2015\/08\/United_Kingdom.png","type":"","width":"","height":""}],"twitter_card":"summary_large_image","twitter_misc":{"Gesch\u00e4tzte Lesezeit":"7\u00a0Minuten"},"schema":{"@context":"https:\/\/schema.org","@graph":[{"@type":"WebPage","@id":"https:\/\/sakino.de\/de\/veroffentlichungen\/","url":"https:\/\/sakino.de\/de\/veroffentlichungen\/","name":"Ver\u00f6ffentlichungen |","isPartOf":{"@id":"https:\/\/sakino.de\/#website"},"primaryImageOfPage":{"@id":"https:\/\/sakino.de\/de\/veroffentlichungen\/#primaryimage"},"image":{"@id":"https:\/\/sakino.de\/de\/veroffentlichungen\/#primaryimage"},"thumbnailUrl":"https:\/\/sakino.de\/wp-content\/uploads\/2015\/08\/United_Kingdom.png","datePublished":"2021-03-02T22:04:17+00:00","dateModified":"2025-01-09T15:57:21+00:00","description":"Ver\u00f6ffentlichungen | &nbsp; \"Wie bewegt man einen Elefanten,Weg vom Trauma - hin zum Leben\" \u00a0 \"Sakino Mathilde Sternbergs Buch ist ein Treffer. Liebevoll nimmt sie ihre Leser | Family Constellations","breadcrumb":{"@id":"https:\/\/sakino.de\/de\/veroffentlichungen\/#breadcrumb"},"inLanguage":"de","potentialAction":[{"@type":"ReadAction","target":["https:\/\/sakino.de\/de\/veroffentlichungen\/"]}]},{"@type":"ImageObject","inLanguage":"de","@id":"https:\/\/sakino.de\/de\/veroffentlichungen\/#primaryimage","url":"https:\/\/sakino.de\/wp-content\/uploads\/2015\/08\/United_Kingdom.png","contentUrl":"https:\/\/sakino.de\/wp-content\/uploads\/2015\/08\/United_Kingdom.png","width":20,"height":12},{"@type":"BreadcrumbList","@id":"https:\/\/sakino.de\/de\/veroffentlichungen\/#breadcrumb","itemListElement":[{"@type":"ListItem","position":1,"name":"Home","item":"https:\/\/sakino.de\/"},{"@type":"ListItem","position":2,"name":"Ver\u00f6ffentlichungen"}]},{"@type":"WebSite","@id":"https:\/\/sakino.de\/#website","url":"https:\/\/sakino.de\/","name":"","description":"","publisher":{"@id":"https:\/\/sakino.de\/#organization"},"potentialAction":[{"@type":"SearchAction","target":{"@type":"EntryPoint","urlTemplate":"https:\/\/sakino.de\/?s={search_term_string}"},"query-input":{"@type":"PropertyValueSpecification","valueRequired":true,"valueName":"search_term_string"}}],"inLanguage":"de"},{"@type":"Organization","@id":"https:\/\/sakino.de\/#organization","name":"Sakino | Family Constellations therapy and Trauma Healing","url":"https:\/\/sakino.de\/","logo":{"@type":"ImageObject","inLanguage":"de","@id":"https:\/\/sakino.de\/#\/schema\/logo\/image\/","url":"https:\/\/sakino.de\/wp-content\/uploads\/2018\/09\/joy_of_living.png","contentUrl":"https:\/\/sakino.de\/wp-content\/uploads\/2018\/09\/joy_of_living.png","width":298,"height":437,"caption":"Sakino | Family Constellations therapy and Trauma Healing"},"image":{"@id":"https:\/\/sakino.de\/#\/schema\/logo\/image\/"},"sameAs":["https:\/\/www.facebook.com\/BerlinConstellations\/","https:\/\/www.instagram.com\/sakino.sternberg\/","https:\/\/www.youtube.com\/channel\/UCIBbVo0pI8OUNKyhBuuU8Dg"]}]}},"_links":{"self":[{"href":"https:\/\/sakino.de\/wp-json\/wp\/v2\/pages\/1245","targetHints":{"allow":["GET"]}}],"collection":[{"href":"https:\/\/sakino.de\/wp-json\/wp\/v2\/pages"}],"about":[{"href":"https:\/\/sakino.de\/wp-json\/wp\/v2\/types\/page"}],"author":[{"embeddable":true,"href":"https:\/\/sakino.de\/wp-json\/wp\/v2\/users\/1"}],"replies":[{"embeddable":true,"href":"https:\/\/sakino.de\/wp-json\/wp\/v2\/comments?post=1245"}],"version-history":[{"count":7,"href":"https:\/\/sakino.de\/wp-json\/wp\/v2\/pages\/1245\/revisions"}],"predecessor-version":[{"id":1716,"href":"https:\/\/sakino.de\/wp-json\/wp\/v2\/pages\/1245\/revisions\/1716"}],"wp:attachment":[{"href":"https:\/\/sakino.de\/wp-json\/wp\/v2\/media?parent=1245"}],"curies":[{"name":"wp","href":"https:\/\/api.w.org\/{rel}","templated":true}]}}