{"id":1248,"date":"2021-03-02T23:09:51","date_gmt":"2021-03-02T22:09:51","guid":{"rendered":"https:\/\/sakino.de\/?page_id=1248"},"modified":"2026-03-24T10:38:23","modified_gmt":"2026-03-24T09:38:23","slug":"uber-mich","status":"publish","type":"page","link":"https:\/\/sakino.de\/de\/uber-mich\/","title":{"rendered":"\u00dcber mich"},"content":{"rendered":"<p style=\"text-align: right;\"><a href=\"https:\/\/sakino.de\/about-me\/\"><img loading=\"lazy\" decoding=\"async\" class=\"alignright wp-image-170 size-full\" src=\"https:\/\/sakino.de\/wp-content\/uploads\/2015\/08\/United_Kingdom.png\" alt=\"\" width=\"20\" height=\"12\" \/><\/a><\/p>\n<p>&nbsp;<\/p>\n<h2 style=\"text-align: left;\"><strong>Sakino Mathilde Sternberg Yalom<br \/>\n<\/strong><\/h2>\n<p>Ich wurde als zweites von zehn Kindern geboren und wuchs in einem streng katholischen Elternhaus auf. Mein Abitur machte ich in einer Klosterschule in Osnabr\u00fcck, danach studierte ich Psychologie, P\u00e4dagogik und Soziologie in G\u00f6ttingen und Hamburg. Nach dem Diplom in Psychologie an der Universit\u00e4t Hamburg arbeitete ich sieben Jahre mit behinderten Kindern und ihren Familien. Dann machte ich mich in eigener Praxis in Hamburg selbstst\u00e4ndig. Seit 1985 lebe und arbeite ich in Berlin.<\/p>\n<p>Freundschaften mit Menschen, die ich liebe und wertsch\u00e4tze, sind das Wichtigste f\u00fcr mich.<br \/>\nZu meinen Leidenschaften geh\u00f6ren u.a. Bewegung, Tanz, Fitness, Reisen, Musik, Theater, lesen, schreiben, Filme, gutes Essen.<\/p>\n<p>Ich begleite seit 50 Jahren Menschen auf ihrem Weg zu einem erf\u00fcllteren und gl\u00fccklicheren Leben und kann mir nichts Sch\u00f6neres vorstellen! In meiner Arbeit kombiniere ich verschiedene Methoden zu einem wirkungsvollen Werkzeugkasten.<\/p>\n<p>Der Schwerpunkt meiner therapeutischen Arbeit liegt auf Familien- und Systemaufstellungen, Biografiearbeit sowie Traumatherapie, im Speziellen Entwicklungstraumata und transgenerationale Weitergabe von Traumata.<br \/>\nIch habe am Institut f\u00fcr Familientherapie Weinheim (Virginia Satir) graduiert, mit Spezialisierung in Familien- und Paartherapie. Ich habe ausserdem viele andere therapeutische Methoden studiert: Tiefenpsychologische Therapie, Gestalttherapie, Verhaltenstherapie, Humaniversity Therapie, Prim\u00e4rtherapie nach Janov, Sexualtherapie, Bioenergetik, Rebirthing, Meditation und Achtsamkeit, Familien- und Systemaufstellungen, Storytelling, Traumatherapie (Somatic Experiencing (SE), Neuro Affective Relational Model (NARM)), Life Skills Training (LST), Alterspsychotherapie. Meine Lehrer waren u.a.Veeresh Denny Yuson, Bert Hellinger, Gunthard Weber, Peter Levine, Laurence Heller, Dan Bar On, Meinolf Peters.<\/p>\n<p>Ich bin Mitglied in der Psychotherapeutenkammer Berlin und in der Deutschen Gesellschaft f\u00fcr Systemaufstellungen(DGfS)<\/p>\n<p>Ich war 4 Jahre als Leitende Psychologin an der Oberbergklinik Berlin Brandenburg t\u00e4tig, einer Privatklinik f\u00fcr Psychiatrie, Psychotherapie und Psychosomatische Medizin.<\/p>\n<p>Ich bin Mitbegr\u00fcnderin und Leiterin des &#8220; Dan Bar &#8211; On &#8211; International Dialogue Center &#8211; IDC&#8220;, das sich in weltweiten Friedens- und Dialogprojekten engagiert.<\/p>\n<p>Ich habe u.a. ein Buch ver\u00f6ffentlicht &#8222;Wie bewegt man einen Elefanten &#8211; Weg vom Trauma, hin zum Leben&#8220;<\/p>\n<p>Verheiratet mit Irvin Yalom, Professor Emeritus Stanfod University, USA<\/p>\n<p>&nbsp;<\/p>\n<p>Portraitfoto: An Duc Dang @photoduc<\/p>\n","protected":false},"excerpt":{"rendered":"<p>&nbsp; Sakino Mathilde Sternberg Yalom Ich wurde als zweites von zehn Kindern geboren und wuchs in einem streng katholischen Elternhaus auf. Mein Abitur machte ich in einer Klosterschule in Osnabr\u00fcck, danach studierte ich Psychologie, P\u00e4dagogik und Soziologie in G\u00f6ttingen und Hamburg. Nach dem Diplom in Psychologie an der Universit\u00e4t Hamburg arbeitete ich sieben Jahre mit [&hellip;]<\/p>\n","protected":false},"author":1,"featured_media":1477,"parent":0,"menu_order":0,"comment_status":"closed","ping_status":"closed","template":"page-templates\/left-right-sidebar.php","meta":{"_locale":"de_DE","_original_post":"http:\/\/www.sakino.de\/?page_id=16","footnotes":""},"class_list":["post-1248","page","type-page","status-publish","has-post-thumbnail","hentry","de-DE"],"yoast_head":"<!-- This site is optimized with the Yoast SEO plugin v27.1.1 - https:\/\/yoast.com\/product\/yoast-seo-wordpress\/ -->\n<title>\u00dcber mich |<\/title>\n<meta name=\"description\" content=\"\u00dcber mich | &nbsp; Sakino Mathilde Sternberg Yalom Ich wurde als zweites von zehn Kindern geboren und wuchs in einem streng katholischen Elternhaus auf. Mein Abitur | Family Constellations\" \/>\n<meta name=\"robots\" content=\"index, follow, max-snippet:-1, max-image-preview:large, max-video-preview:-1\" \/>\n<link rel=\"canonical\" href=\"https:\/\/sakino.de\/de\/uber-mich\/\" \/>\n<meta property=\"og:locale\" content=\"de_DE\" \/>\n<meta property=\"og:type\" content=\"article\" \/>\n<meta property=\"og:title\" content=\"\u00dcber mich |\" \/>\n<meta property=\"og:description\" content=\"\u00dcber mich | &nbsp; Sakino Mathilde Sternberg Yalom Ich wurde als zweites von zehn Kindern geboren und wuchs in einem streng katholischen Elternhaus auf. Mein Abitur | Family Constellations\" \/>\n<meta property=\"og:url\" content=\"https:\/\/sakino.de\/de\/uber-mich\/\" \/>\n<meta property=\"article:publisher\" content=\"https:\/\/www.facebook.com\/BerlinConstellations\/\" \/>\n<meta property=\"article:modified_time\" content=\"2026-03-24T09:38:23+00:00\" \/>\n<meta property=\"og:image\" content=\"https:\/\/sakino.de\/wp-content\/uploads\/2022\/06\/EFAE1F10-95D1-4802-8EFB-2D510D0B8202.jpeg\" \/>\n\t<meta property=\"og:image:width\" content=\"1600\" \/>\n\t<meta property=\"og:image:height\" content=\"1066\" \/>\n\t<meta property=\"og:image:type\" content=\"image\/jpeg\" \/>\n<meta name=\"twitter:card\" content=\"summary_large_image\" \/>\n<meta name=\"twitter:label1\" content=\"Gesch\u00e4tzte Lesezeit\" \/>\n\t<meta name=\"twitter:data1\" content=\"2\u00a0Minuten\" \/>\n<script type=\"application\/ld+json\" class=\"yoast-schema-graph\">{\"@context\":\"https:\/\/schema.org\",\"@graph\":[{\"@type\":\"WebPage\",\"@id\":\"https:\/\/sakino.de\/de\/uber-mich\/\",\"url\":\"https:\/\/sakino.de\/de\/uber-mich\/\",\"name\":\"\u00dcber mich |\",\"isPartOf\":{\"@id\":\"https:\/\/sakino.de\/#website\"},\"primaryImageOfPage\":{\"@id\":\"https:\/\/sakino.de\/de\/uber-mich\/#primaryimage\"},\"image\":{\"@id\":\"https:\/\/sakino.de\/de\/uber-mich\/#primaryimage\"},\"thumbnailUrl\":\"https:\/\/sakino.de\/wp-content\/uploads\/2022\/06\/EFAE1F10-95D1-4802-8EFB-2D510D0B8202.jpeg\",\"datePublished\":\"2021-03-02T22:09:51+00:00\",\"dateModified\":\"2026-03-24T09:38:23+00:00\",\"description\":\"\u00dcber mich | &nbsp; Sakino Mathilde Sternberg Yalom Ich wurde als zweites von zehn Kindern geboren und wuchs in einem streng katholischen Elternhaus auf. Mein Abitur | Family Constellations\",\"breadcrumb\":{\"@id\":\"https:\/\/sakino.de\/de\/uber-mich\/#breadcrumb\"},\"inLanguage\":\"de\",\"potentialAction\":[{\"@type\":\"ReadAction\",\"target\":[\"https:\/\/sakino.de\/de\/uber-mich\/\"]}]},{\"@type\":\"ImageObject\",\"inLanguage\":\"de\",\"@id\":\"https:\/\/sakino.de\/de\/uber-mich\/#primaryimage\",\"url\":\"https:\/\/sakino.de\/wp-content\/uploads\/2022\/06\/EFAE1F10-95D1-4802-8EFB-2D510D0B8202.jpeg\",\"contentUrl\":\"https:\/\/sakino.de\/wp-content\/uploads\/2022\/06\/EFAE1F10-95D1-4802-8EFB-2D510D0B8202.jpeg\",\"width\":1600,\"height\":1066},{\"@type\":\"BreadcrumbList\",\"@id\":\"https:\/\/sakino.de\/de\/uber-mich\/#breadcrumb\",\"itemListElement\":[{\"@type\":\"ListItem\",\"position\":1,\"name\":\"Home\",\"item\":\"https:\/\/sakino.de\/\"},{\"@type\":\"ListItem\",\"position\":2,\"name\":\"\u00dcber mich\"}]},{\"@type\":\"WebSite\",\"@id\":\"https:\/\/sakino.de\/#website\",\"url\":\"https:\/\/sakino.de\/\",\"name\":\"\",\"description\":\"\",\"publisher\":{\"@id\":\"https:\/\/sakino.de\/#organization\"},\"potentialAction\":[{\"@type\":\"SearchAction\",\"target\":{\"@type\":\"EntryPoint\",\"urlTemplate\":\"https:\/\/sakino.de\/?s={search_term_string}\"},\"query-input\":{\"@type\":\"PropertyValueSpecification\",\"valueRequired\":true,\"valueName\":\"search_term_string\"}}],\"inLanguage\":\"de\"},{\"@type\":\"Organization\",\"@id\":\"https:\/\/sakino.de\/#organization\",\"name\":\"Sakino | Family Constellations therapy and Trauma Healing\",\"url\":\"https:\/\/sakino.de\/\",\"logo\":{\"@type\":\"ImageObject\",\"inLanguage\":\"de\",\"@id\":\"https:\/\/sakino.de\/#\/schema\/logo\/image\/\",\"url\":\"https:\/\/sakino.de\/wp-content\/uploads\/2018\/09\/joy_of_living.png\",\"contentUrl\":\"https:\/\/sakino.de\/wp-content\/uploads\/2018\/09\/joy_of_living.png\",\"width\":298,\"height\":437,\"caption\":\"Sakino | Family Constellations therapy and Trauma Healing\"},\"image\":{\"@id\":\"https:\/\/sakino.de\/#\/schema\/logo\/image\/\"},\"sameAs\":[\"https:\/\/www.facebook.com\/BerlinConstellations\/\",\"https:\/\/www.instagram.com\/sakino.sternberg\/\",\"https:\/\/www.youtube.com\/channel\/UCIBbVo0pI8OUNKyhBuuU8Dg\"]}]}<\/script>\n<!-- \/ Yoast SEO plugin. -->","yoast_head_json":{"title":"\u00dcber mich |","description":"\u00dcber mich | &nbsp; Sakino Mathilde Sternberg Yalom Ich wurde als zweites von zehn Kindern geboren und wuchs in einem streng katholischen Elternhaus auf. Mein Abitur | Family Constellations","robots":{"index":"index","follow":"follow","max-snippet":"max-snippet:-1","max-image-preview":"max-image-preview:large","max-video-preview":"max-video-preview:-1"},"canonical":"https:\/\/sakino.de\/de\/uber-mich\/","og_locale":"de_DE","og_type":"article","og_title":"\u00dcber mich |","og_description":"\u00dcber mich | &nbsp; Sakino Mathilde Sternberg Yalom Ich wurde als zweites von zehn Kindern geboren und wuchs in einem streng katholischen Elternhaus auf. Mein Abitur | Family Constellations","og_url":"https:\/\/sakino.de\/de\/uber-mich\/","article_publisher":"https:\/\/www.facebook.com\/BerlinConstellations\/","article_modified_time":"2026-03-24T09:38:23+00:00","og_image":[{"width":1600,"height":1066,"url":"https:\/\/sakino.de\/wp-content\/uploads\/2022\/06\/EFAE1F10-95D1-4802-8EFB-2D510D0B8202.jpeg","type":"image\/jpeg"}],"twitter_card":"summary_large_image","twitter_misc":{"Gesch\u00e4tzte Lesezeit":"2\u00a0Minuten"},"schema":{"@context":"https:\/\/schema.org","@graph":[{"@type":"WebPage","@id":"https:\/\/sakino.de\/de\/uber-mich\/","url":"https:\/\/sakino.de\/de\/uber-mich\/","name":"\u00dcber mich |","isPartOf":{"@id":"https:\/\/sakino.de\/#website"},"primaryImageOfPage":{"@id":"https:\/\/sakino.de\/de\/uber-mich\/#primaryimage"},"image":{"@id":"https:\/\/sakino.de\/de\/uber-mich\/#primaryimage"},"thumbnailUrl":"https:\/\/sakino.de\/wp-content\/uploads\/2022\/06\/EFAE1F10-95D1-4802-8EFB-2D510D0B8202.jpeg","datePublished":"2021-03-02T22:09:51+00:00","dateModified":"2026-03-24T09:38:23+00:00","description":"\u00dcber mich | &nbsp; Sakino Mathilde Sternberg Yalom Ich wurde als zweites von zehn Kindern geboren und wuchs in einem streng katholischen Elternhaus auf. Mein Abitur | Family Constellations","breadcrumb":{"@id":"https:\/\/sakino.de\/de\/uber-mich\/#breadcrumb"},"inLanguage":"de","potentialAction":[{"@type":"ReadAction","target":["https:\/\/sakino.de\/de\/uber-mich\/"]}]},{"@type":"ImageObject","inLanguage":"de","@id":"https:\/\/sakino.de\/de\/uber-mich\/#primaryimage","url":"https:\/\/sakino.de\/wp-content\/uploads\/2022\/06\/EFAE1F10-95D1-4802-8EFB-2D510D0B8202.jpeg","contentUrl":"https:\/\/sakino.de\/wp-content\/uploads\/2022\/06\/EFAE1F10-95D1-4802-8EFB-2D510D0B8202.jpeg","width":1600,"height":1066},{"@type":"BreadcrumbList","@id":"https:\/\/sakino.de\/de\/uber-mich\/#breadcrumb","itemListElement":[{"@type":"ListItem","position":1,"name":"Home","item":"https:\/\/sakino.de\/"},{"@type":"ListItem","position":2,"name":"\u00dcber mich"}]},{"@type":"WebSite","@id":"https:\/\/sakino.de\/#website","url":"https:\/\/sakino.de\/","name":"","description":"","publisher":{"@id":"https:\/\/sakino.de\/#organization"},"potentialAction":[{"@type":"SearchAction","target":{"@type":"EntryPoint","urlTemplate":"https:\/\/sakino.de\/?s={search_term_string}"},"query-input":{"@type":"PropertyValueSpecification","valueRequired":true,"valueName":"search_term_string"}}],"inLanguage":"de"},{"@type":"Organization","@id":"https:\/\/sakino.de\/#organization","name":"Sakino | Family Constellations therapy and Trauma Healing","url":"https:\/\/sakino.de\/","logo":{"@type":"ImageObject","inLanguage":"de","@id":"https:\/\/sakino.de\/#\/schema\/logo\/image\/","url":"https:\/\/sakino.de\/wp-content\/uploads\/2018\/09\/joy_of_living.png","contentUrl":"https:\/\/sakino.de\/wp-content\/uploads\/2018\/09\/joy_of_living.png","width":298,"height":437,"caption":"Sakino | Family Constellations therapy and Trauma Healing"},"image":{"@id":"https:\/\/sakino.de\/#\/schema\/logo\/image\/"},"sameAs":["https:\/\/www.facebook.com\/BerlinConstellations\/","https:\/\/www.instagram.com\/sakino.sternberg\/","https:\/\/www.youtube.com\/channel\/UCIBbVo0pI8OUNKyhBuuU8Dg"]}]}},"_links":{"self":[{"href":"https:\/\/sakino.de\/wp-json\/wp\/v2\/pages\/1248","targetHints":{"allow":["GET"]}}],"collection":[{"href":"https:\/\/sakino.de\/wp-json\/wp\/v2\/pages"}],"about":[{"href":"https:\/\/sakino.de\/wp-json\/wp\/v2\/types\/page"}],"author":[{"embeddable":true,"href":"https:\/\/sakino.de\/wp-json\/wp\/v2\/users\/1"}],"replies":[{"embeddable":true,"href":"https:\/\/sakino.de\/wp-json\/wp\/v2\/comments?post=1248"}],"version-history":[{"count":8,"href":"https:\/\/sakino.de\/wp-json\/wp\/v2\/pages\/1248\/revisions"}],"predecessor-version":[{"id":1825,"href":"https:\/\/sakino.de\/wp-json\/wp\/v2\/pages\/1248\/revisions\/1825"}],"wp:featuredmedia":[{"embeddable":true,"href":"https:\/\/sakino.de\/wp-json\/wp\/v2\/media\/1477"}],"wp:attachment":[{"href":"https:\/\/sakino.de\/wp-json\/wp\/v2\/media?parent=1248"}],"curies":[{"name":"wp","href":"https:\/\/api.w.org\/{rel}","templated":true}]}}