{"id":1252,"date":"2021-03-02T23:18:52","date_gmt":"2021-03-02T22:18:52","guid":{"rendered":"https:\/\/sakino.de\/?page_id=1252"},"modified":"2021-03-10T18:33:12","modified_gmt":"2021-03-10T17:33:12","slug":"feedback-de","status":"publish","type":"page","link":"https:\/\/sakino.de\/de\/feedback-de\/","title":{"rendered":"Feedback"},"content":{"rendered":"<p style=\"text-align: right;\"><a href=\"https:\/\/sakino.de\/feedback-en\/\"><img loading=\"lazy\" decoding=\"async\" class=\"alignright wp-image-170 size-full\" src=\"https:\/\/sakino.de\/wp-content\/uploads\/2015\/08\/United_Kingdom.png\" alt=\"\" width=\"20\" height=\"12\" \/><\/a><\/p>\n<blockquote><p>&nbsp;<\/p><\/blockquote>\n<p><a name=\"English\"><\/a><\/p>\n<p><!--more--><\/p>\n<p>&#8222;Viele Menschen traten in mein Leben, aber nur wenige hinterliessen Spuren. Sie haben viele Spuren hinterlassen. Ich habe ein grosses Gl\u00fcck, Sie kennenzulernen und von Ihnen so viel lernen zu d\u00fcrfen. Ich bin Ihnen sehr dankbar f\u00fcr alles, was Sie bei mir gel\u00f6st haben. Ich danke Ihnen f\u00fcr Ihr Dasein und dass ich Sie ein St\u00fcck weit f\u00fcr mich geniessen durfte. Sie werden immer einen Platz in meinem Herzen haben.&#8220; S.R. (2013)<\/p>\n<hr \/>\n<p>&#8222;Meine Zeit hier geh\u00f6rt zu den wichtigsten in meinem Leben. Mir fehlen die Worte zu sagen, wie sehr Sie mir geholfen haben&#8230;&#8220; K.A. (2013)<\/p>\n<hr \/>\n<p>&#8222;Herzlichen Dank daf\u00fcr, dass Sie mir dabei geholfen haben, mehr im Hier und Jetzt zu f\u00fchlen und zu denken.&#8220; A.S. (2013)<\/p>\n<hr \/>\n<p>&nbsp;<\/p>\n","protected":false},"excerpt":{"rendered":"<p>&nbsp;<\/p>\n","protected":false},"author":1,"featured_media":0,"parent":0,"menu_order":0,"comment_status":"closed","ping_status":"closed","template":"page-templates\/left-right-sidebar.php","meta":{"_locale":"de_DE","_original_post":"http:\/\/www.sakino.de\/?page_id=37","footnotes":""},"class_list":["post-1252","page","type-page","status-publish","hentry","de-DE"],"yoast_head":"<!-- This site is optimized with the Yoast SEO plugin v27.1.1 - https:\/\/yoast.com\/product\/yoast-seo-wordpress\/ -->\n<title>Feedback |<\/title>\n<meta name=\"description\" content=\"Feedback | &nbsp; &quot;Viele Menschen traten in mein Leben, aber nur wenige hinterliessen Spuren. Sie haben viele Spuren hinterlassen. Ich habe ein grosses Gl\u00fcck, Sie | Family Constellations\" \/>\n<meta name=\"robots\" content=\"index, follow, max-snippet:-1, max-image-preview:large, max-video-preview:-1\" \/>\n<link rel=\"canonical\" href=\"https:\/\/sakino.de\/de\/feedback-de\/\" \/>\n<meta property=\"og:locale\" content=\"de_DE\" \/>\n<meta property=\"og:type\" content=\"article\" \/>\n<meta property=\"og:title\" content=\"Feedback |\" \/>\n<meta property=\"og:description\" content=\"Feedback | &nbsp; &quot;Viele Menschen traten in mein Leben, aber nur wenige hinterliessen Spuren. Sie haben viele Spuren hinterlassen. Ich habe ein grosses Gl\u00fcck, Sie | Family Constellations\" \/>\n<meta property=\"og:url\" content=\"https:\/\/sakino.de\/de\/feedback-de\/\" \/>\n<meta property=\"article:publisher\" content=\"https:\/\/www.facebook.com\/BerlinConstellations\/\" \/>\n<meta property=\"article:modified_time\" content=\"2021-03-10T17:33:12+00:00\" \/>\n<meta property=\"og:image\" content=\"https:\/\/sakino.de\/wp-content\/uploads\/2015\/08\/United_Kingdom.png\" \/>\n<meta name=\"twitter:card\" content=\"summary_large_image\" \/>\n<meta name=\"twitter:label1\" content=\"Gesch\u00e4tzte Lesezeit\" \/>\n\t<meta name=\"twitter:data1\" content=\"1\u00a0Minute\" \/>\n<script type=\"application\/ld+json\" class=\"yoast-schema-graph\">{\"@context\":\"https:\/\/schema.org\",\"@graph\":[{\"@type\":\"WebPage\",\"@id\":\"https:\/\/sakino.de\/de\/feedback-de\/\",\"url\":\"https:\/\/sakino.de\/de\/feedback-de\/\",\"name\":\"Feedback |\",\"isPartOf\":{\"@id\":\"https:\/\/sakino.de\/#website\"},\"primaryImageOfPage\":{\"@id\":\"https:\/\/sakino.de\/de\/feedback-de\/#primaryimage\"},\"image\":{\"@id\":\"https:\/\/sakino.de\/de\/feedback-de\/#primaryimage\"},\"thumbnailUrl\":\"https:\/\/sakino.de\/wp-content\/uploads\/2015\/08\/United_Kingdom.png\",\"datePublished\":\"2021-03-02T22:18:52+00:00\",\"dateModified\":\"2021-03-10T17:33:12+00:00\",\"description\":\"Feedback | &nbsp; \\\"Viele Menschen traten in mein Leben, aber nur wenige hinterliessen Spuren. Sie haben viele Spuren hinterlassen. Ich habe ein grosses Gl\u00fcck, Sie | Family Constellations\",\"breadcrumb\":{\"@id\":\"https:\/\/sakino.de\/de\/feedback-de\/#breadcrumb\"},\"inLanguage\":\"de\",\"potentialAction\":[{\"@type\":\"ReadAction\",\"target\":[\"https:\/\/sakino.de\/de\/feedback-de\/\"]}]},{\"@type\":\"ImageObject\",\"inLanguage\":\"de\",\"@id\":\"https:\/\/sakino.de\/de\/feedback-de\/#primaryimage\",\"url\":\"https:\/\/sakino.de\/wp-content\/uploads\/2015\/08\/United_Kingdom.png\",\"contentUrl\":\"https:\/\/sakino.de\/wp-content\/uploads\/2015\/08\/United_Kingdom.png\",\"width\":20,\"height\":12},{\"@type\":\"BreadcrumbList\",\"@id\":\"https:\/\/sakino.de\/de\/feedback-de\/#breadcrumb\",\"itemListElement\":[{\"@type\":\"ListItem\",\"position\":1,\"name\":\"Home\",\"item\":\"https:\/\/sakino.de\/\"},{\"@type\":\"ListItem\",\"position\":2,\"name\":\"Feedback\"}]},{\"@type\":\"WebSite\",\"@id\":\"https:\/\/sakino.de\/#website\",\"url\":\"https:\/\/sakino.de\/\",\"name\":\"\",\"description\":\"\",\"publisher\":{\"@id\":\"https:\/\/sakino.de\/#organization\"},\"potentialAction\":[{\"@type\":\"SearchAction\",\"target\":{\"@type\":\"EntryPoint\",\"urlTemplate\":\"https:\/\/sakino.de\/?s={search_term_string}\"},\"query-input\":{\"@type\":\"PropertyValueSpecification\",\"valueRequired\":true,\"valueName\":\"search_term_string\"}}],\"inLanguage\":\"de\"},{\"@type\":\"Organization\",\"@id\":\"https:\/\/sakino.de\/#organization\",\"name\":\"Sakino | Family Constellations therapy and Trauma Healing\",\"url\":\"https:\/\/sakino.de\/\",\"logo\":{\"@type\":\"ImageObject\",\"inLanguage\":\"de\",\"@id\":\"https:\/\/sakino.de\/#\/schema\/logo\/image\/\",\"url\":\"https:\/\/sakino.de\/wp-content\/uploads\/2018\/09\/joy_of_living.png\",\"contentUrl\":\"https:\/\/sakino.de\/wp-content\/uploads\/2018\/09\/joy_of_living.png\",\"width\":298,\"height\":437,\"caption\":\"Sakino | Family Constellations therapy and Trauma Healing\"},\"image\":{\"@id\":\"https:\/\/sakino.de\/#\/schema\/logo\/image\/\"},\"sameAs\":[\"https:\/\/www.facebook.com\/BerlinConstellations\/\",\"https:\/\/www.instagram.com\/sakino.sternberg\/\",\"https:\/\/www.youtube.com\/channel\/UCIBbVo0pI8OUNKyhBuuU8Dg\"]}]}<\/script>\n<!-- \/ Yoast SEO plugin. -->","yoast_head_json":{"title":"Feedback |","description":"Feedback | &nbsp; \"Viele Menschen traten in mein Leben, aber nur wenige hinterliessen Spuren. Sie haben viele Spuren hinterlassen. Ich habe ein grosses Gl\u00fcck, Sie | Family Constellations","robots":{"index":"index","follow":"follow","max-snippet":"max-snippet:-1","max-image-preview":"max-image-preview:large","max-video-preview":"max-video-preview:-1"},"canonical":"https:\/\/sakino.de\/de\/feedback-de\/","og_locale":"de_DE","og_type":"article","og_title":"Feedback |","og_description":"Feedback | &nbsp; \"Viele Menschen traten in mein Leben, aber nur wenige hinterliessen Spuren. Sie haben viele Spuren hinterlassen. Ich habe ein grosses Gl\u00fcck, Sie | Family Constellations","og_url":"https:\/\/sakino.de\/de\/feedback-de\/","article_publisher":"https:\/\/www.facebook.com\/BerlinConstellations\/","article_modified_time":"2021-03-10T17:33:12+00:00","og_image":[{"url":"https:\/\/sakino.de\/wp-content\/uploads\/2015\/08\/United_Kingdom.png","type":"","width":"","height":""}],"twitter_card":"summary_large_image","twitter_misc":{"Gesch\u00e4tzte Lesezeit":"1\u00a0Minute"},"schema":{"@context":"https:\/\/schema.org","@graph":[{"@type":"WebPage","@id":"https:\/\/sakino.de\/de\/feedback-de\/","url":"https:\/\/sakino.de\/de\/feedback-de\/","name":"Feedback |","isPartOf":{"@id":"https:\/\/sakino.de\/#website"},"primaryImageOfPage":{"@id":"https:\/\/sakino.de\/de\/feedback-de\/#primaryimage"},"image":{"@id":"https:\/\/sakino.de\/de\/feedback-de\/#primaryimage"},"thumbnailUrl":"https:\/\/sakino.de\/wp-content\/uploads\/2015\/08\/United_Kingdom.png","datePublished":"2021-03-02T22:18:52+00:00","dateModified":"2021-03-10T17:33:12+00:00","description":"Feedback | &nbsp; \"Viele Menschen traten in mein Leben, aber nur wenige hinterliessen Spuren. Sie haben viele Spuren hinterlassen. Ich habe ein grosses Gl\u00fcck, Sie | Family Constellations","breadcrumb":{"@id":"https:\/\/sakino.de\/de\/feedback-de\/#breadcrumb"},"inLanguage":"de","potentialAction":[{"@type":"ReadAction","target":["https:\/\/sakino.de\/de\/feedback-de\/"]}]},{"@type":"ImageObject","inLanguage":"de","@id":"https:\/\/sakino.de\/de\/feedback-de\/#primaryimage","url":"https:\/\/sakino.de\/wp-content\/uploads\/2015\/08\/United_Kingdom.png","contentUrl":"https:\/\/sakino.de\/wp-content\/uploads\/2015\/08\/United_Kingdom.png","width":20,"height":12},{"@type":"BreadcrumbList","@id":"https:\/\/sakino.de\/de\/feedback-de\/#breadcrumb","itemListElement":[{"@type":"ListItem","position":1,"name":"Home","item":"https:\/\/sakino.de\/"},{"@type":"ListItem","position":2,"name":"Feedback"}]},{"@type":"WebSite","@id":"https:\/\/sakino.de\/#website","url":"https:\/\/sakino.de\/","name":"","description":"","publisher":{"@id":"https:\/\/sakino.de\/#organization"},"potentialAction":[{"@type":"SearchAction","target":{"@type":"EntryPoint","urlTemplate":"https:\/\/sakino.de\/?s={search_term_string}"},"query-input":{"@type":"PropertyValueSpecification","valueRequired":true,"valueName":"search_term_string"}}],"inLanguage":"de"},{"@type":"Organization","@id":"https:\/\/sakino.de\/#organization","name":"Sakino | Family Constellations therapy and Trauma Healing","url":"https:\/\/sakino.de\/","logo":{"@type":"ImageObject","inLanguage":"de","@id":"https:\/\/sakino.de\/#\/schema\/logo\/image\/","url":"https:\/\/sakino.de\/wp-content\/uploads\/2018\/09\/joy_of_living.png","contentUrl":"https:\/\/sakino.de\/wp-content\/uploads\/2018\/09\/joy_of_living.png","width":298,"height":437,"caption":"Sakino | Family Constellations therapy and Trauma Healing"},"image":{"@id":"https:\/\/sakino.de\/#\/schema\/logo\/image\/"},"sameAs":["https:\/\/www.facebook.com\/BerlinConstellations\/","https:\/\/www.instagram.com\/sakino.sternberg\/","https:\/\/www.youtube.com\/channel\/UCIBbVo0pI8OUNKyhBuuU8Dg"]}]}},"_links":{"self":[{"href":"https:\/\/sakino.de\/wp-json\/wp\/v2\/pages\/1252","targetHints":{"allow":["GET"]}}],"collection":[{"href":"https:\/\/sakino.de\/wp-json\/wp\/v2\/pages"}],"about":[{"href":"https:\/\/sakino.de\/wp-json\/wp\/v2\/types\/page"}],"author":[{"embeddable":true,"href":"https:\/\/sakino.de\/wp-json\/wp\/v2\/users\/1"}],"replies":[{"embeddable":true,"href":"https:\/\/sakino.de\/wp-json\/wp\/v2\/comments?post=1252"}],"version-history":[{"count":4,"href":"https:\/\/sakino.de\/wp-json\/wp\/v2\/pages\/1252\/revisions"}],"predecessor-version":[{"id":1346,"href":"https:\/\/sakino.de\/wp-json\/wp\/v2\/pages\/1252\/revisions\/1346"}],"wp:attachment":[{"href":"https:\/\/sakino.de\/wp-json\/wp\/v2\/media?parent=1252"}],"curies":[{"name":"wp","href":"https:\/\/api.w.org\/{rel}","templated":true}]}}