{"id":1263,"date":"2021-03-02T23:43:40","date_gmt":"2021-03-02T22:43:40","guid":{"rendered":"https:\/\/sakino.de\/?page_id=1263"},"modified":"2025-01-29T11:03:24","modified_gmt":"2025-01-29T10:03:24","slug":"meine-arbeitsweise","status":"publish","type":"page","link":"https:\/\/sakino.de\/de\/meine-arbeitsweise\/","title":{"rendered":"Meine Arbeitsweise"},"content":{"rendered":"<p style=\"text-align: right;\"><a href=\"https:\/\/sakino.de\/my-work\/\"><img loading=\"lazy\" decoding=\"async\" class=\"alignright wp-image-170 size-full\" src=\"https:\/\/sakino.de\/wp-content\/uploads\/2015\/08\/United_Kingdom.png\" alt=\"\" width=\"20\" height=\"12\" \/><\/a><\/p>\n<p>In meiner Arbeit leiten mich Liebe, Achtung, Meditation, systemisches Denken, Humor und ein unersch\u00fctterlicher Glaube daran, dass jeder Mensch ein erf\u00fclltes Leben f\u00fchren kann, unabh\u00e4ngig von Alter, Beruf, Einkommen oder anderen \u00e4u\u00dferen Faktoren. Ich benutze viele Methoden und Wege, die ich selbst als hilfreich erfahren habe:<\/p>\n<ul>\n<li>Systemische Techniken f\u00f6rdern ein tieferes Verstehen eigener Gef\u00fchle und Verhaltensweisen im Zusammenhang eines gr\u00f6sseren Ganzen. Sie helfen, einen guten Platz im Leben und Schl\u00fcssel f\u00fcr L\u00f6sungen zu finden.<br \/>\nDazu z\u00e4hlen u. a. Aufstellungen, Biografiearbeit, Rollenspiele.<\/li>\n<li>Arbeit mit den Gef\u00fchlen befreit von emotionalen Belastungen.<\/li>\n<li><span style=\"line-height: 1.5;\">Traumaheilungsmethoden unterst\u00fctzen auf der k\u00f6rperlich-geistig-seelischen Ebene<\/span><\/li>\n<li><span style=\"line-height: 1.5;\">Erz\u00e4hlen und Zuh\u00f6ren vergr\u00f6ssern das Vertrauen in sich selbst und andere<\/span><\/li>\n<li><span style=\"line-height: 1.5;\">Tanz und Bewegung lockern den K\u00f6rper und machen Freude<\/span><\/li>\n<li><span style=\"line-height: 1.5;\">Visualisierungen regen die Fantasie an und erlauben, sich die gew\u00e4hlten Ziele vorzustellen<\/span><\/li>\n<li><span style=\"line-height: 1.5;\">Rituale geben einen Rahmen<\/span><\/li>\n<li><span style=\"line-height: 1.5;\">H\u00e4usliche Aufgaben st\u00e4rken die Eigeninitiative<\/span><\/li>\n<li><span style=\"line-height: 1.5;\">Humor entspannt<\/span><\/li>\n<li><span style=\"line-height: 1.5;\">Meditation f\u00fcllt die innere Mitte<\/span><\/li>\n<\/ul>\n<p>Menschen kommen mit unterschiedlichen Anliegen zu mir:<\/p>\n<ul>\n<li>Genereller Wunsch nach Ver\u00e4nderung<\/li>\n<li>Lebenskrisen<\/li>\n<li>\u00c4ngste, S\u00fcchte, Depressionen, Burn-Out, k\u00f6rperliche und\/oder seelische Krankheiten<\/li>\n<li>Partnerschafts- und Familienprobleme<\/li>\n<li>Traumatische Erlebnisse in der Kindheit oder in der j\u00fcngeren Vergangenheit (z.B. Missbrauch, Vernachl\u00e4ssigung, Abtreibungen, Fehlgeburten, Trennung, Verlust eines geliebten Menschen, Verlust von Besitz \/Heimat, schwere Krankheiten, Unf\u00e4lle, Krieg, Gewalt)<\/li>\n<li>Transgenerationale \u00dcbernahme von Traumen in vorigen Generationen (z.B. Holocaust, 3. Reich, DDR)<\/li>\n<li>Konflikte in Schule oder Betrieb (z.B. Mobbing)<\/li>\n<li>Um- oder Neuorientierung im Beruf<\/li>\n<\/ul>\n<p>Mein Beratungsangebot :<\/p>\n<ul>\n<li>Einzelberatung<\/li>\n<li>Paar- und Familienberatung<\/li>\n<li>Supervision von Teams, Arbeitsgruppen, Betrieben<\/li>\n<li>Seminare \/ Workshops zu verschiedenen Themen<\/li>\n<li>Trainings\/Weiterbildungen f\u00fcr Professionelle (Therapeuten, Lehrer, Coachs, Interessierte aus anderen Berufsgruppen) sowie interessierte Laien, die ein tieferes Verst\u00e4ndnis f\u00fcr ein bestimmtes Thema erlangen wollen.<\/li>\n<\/ul>\n<p>Mit jedem Menschen, der zu mir kommt, f\u00fchre ich ein ausf\u00fchrliches Erstgespr\u00e4ch, in dem wir gemeinsam einen L\u00f6sungsweg f\u00fcr sein Anliegen erarbeiten. Die Begleitung kann aus Einzelsitzungen und Gruppen bestehen. Die Dauer der Beratung richtet sich nach den Erfordernissen des Klienten.<\/p>\n<h5><strong>Die Beratung ersetzt keine medizinische oder psychiatrische Behandlung.<\/strong><br \/>\n<strong>Erstgespr\u00e4ch und Beratung\/Therapie sind kostenpflichtig (nur Selbstzahler, keine Krankenkassen)<\/strong><\/h5>\n<p>&nbsp;<\/p>\n<p>Portraitfoto; Fotostudio Urbschat Kleinmachnow<\/p>\n<p>&nbsp;<\/p>\n","protected":false},"excerpt":{"rendered":"<p>In meiner Arbeit leiten mich Liebe, Achtung, Meditation, systemisches Denken, Humor und ein unersch\u00fctterlicher Glaube daran, dass jeder Mensch ein erf\u00fclltes Leben f\u00fchren kann, unabh\u00e4ngig von Alter, Beruf, Einkommen oder anderen \u00e4u\u00dferen Faktoren. Ich benutze viele Methoden und Wege, die ich selbst als hilfreich erfahren habe: Systemische Techniken f\u00f6rdern ein tieferes Verstehen eigener Gef\u00fchle und [&hellip;]<\/p>\n","protected":false},"author":1,"featured_media":4,"parent":0,"menu_order":0,"comment_status":"closed","ping_status":"closed","template":"page-templates\/left-right-sidebar.php","meta":{"_locale":"de_DE","_original_post":"http:\/\/www.sakino.de\/?page_id=28","footnotes":""},"class_list":["post-1263","page","type-page","status-publish","has-post-thumbnail","hentry","de-DE"],"yoast_head":"<!-- This site is optimized with the Yoast SEO plugin v27.1.1 - https:\/\/yoast.com\/product\/yoast-seo-wordpress\/ -->\n<title>Meine Arbeitsweise |<\/title>\n<meta name=\"description\" content=\"Meine Arbeitsweise | In meiner Arbeit leiten mich Liebe, Achtung, Meditation, systemisches Denken, Humor und ein unersch\u00fctterlicher Glaube daran, dass jeder Mensch ein | Family Constellations\" \/>\n<meta name=\"robots\" content=\"index, follow, max-snippet:-1, max-image-preview:large, max-video-preview:-1\" \/>\n<link rel=\"canonical\" href=\"https:\/\/sakino.de\/de\/meine-arbeitsweise\/\" \/>\n<meta property=\"og:locale\" content=\"de_DE\" \/>\n<meta property=\"og:type\" content=\"article\" \/>\n<meta property=\"og:title\" content=\"Meine Arbeitsweise |\" \/>\n<meta property=\"og:description\" content=\"Meine Arbeitsweise | In meiner Arbeit leiten mich Liebe, Achtung, Meditation, systemisches Denken, Humor und ein unersch\u00fctterlicher Glaube daran, dass jeder Mensch ein | Family Constellations\" \/>\n<meta property=\"og:url\" content=\"https:\/\/sakino.de\/de\/meine-arbeitsweise\/\" \/>\n<meta property=\"article:publisher\" content=\"https:\/\/www.facebook.com\/BerlinConstellations\/\" \/>\n<meta property=\"article:modified_time\" content=\"2025-01-29T10:03:24+00:00\" \/>\n<meta property=\"og:image\" content=\"https:\/\/sakino.de\/wp-content\/uploads\/2015\/08\/poppies_meadow-wallpaper-2880x1800.jpg\" \/>\n\t<meta property=\"og:image:width\" content=\"2880\" \/>\n\t<meta property=\"og:image:height\" content=\"1800\" \/>\n\t<meta property=\"og:image:type\" content=\"image\/jpeg\" \/>\n<meta name=\"twitter:card\" content=\"summary_large_image\" \/>\n<meta name=\"twitter:label1\" content=\"Gesch\u00e4tzte Lesezeit\" \/>\n\t<meta name=\"twitter:data1\" content=\"2\u00a0Minuten\" \/>\n<script type=\"application\/ld+json\" class=\"yoast-schema-graph\">{\"@context\":\"https:\/\/schema.org\",\"@graph\":[{\"@type\":\"WebPage\",\"@id\":\"https:\/\/sakino.de\/de\/meine-arbeitsweise\/\",\"url\":\"https:\/\/sakino.de\/de\/meine-arbeitsweise\/\",\"name\":\"Meine Arbeitsweise |\",\"isPartOf\":{\"@id\":\"https:\/\/sakino.de\/#website\"},\"primaryImageOfPage\":{\"@id\":\"https:\/\/sakino.de\/de\/meine-arbeitsweise\/#primaryimage\"},\"image\":{\"@id\":\"https:\/\/sakino.de\/de\/meine-arbeitsweise\/#primaryimage\"},\"thumbnailUrl\":\"https:\/\/sakino.de\/wp-content\/uploads\/2015\/08\/poppies_meadow-wallpaper-2880x1800.jpg\",\"datePublished\":\"2021-03-02T22:43:40+00:00\",\"dateModified\":\"2025-01-29T10:03:24+00:00\",\"description\":\"Meine Arbeitsweise | In meiner Arbeit leiten mich Liebe, Achtung, Meditation, systemisches Denken, Humor und ein unersch\u00fctterlicher Glaube daran, dass jeder Mensch ein | Family Constellations\",\"breadcrumb\":{\"@id\":\"https:\/\/sakino.de\/de\/meine-arbeitsweise\/#breadcrumb\"},\"inLanguage\":\"de\",\"potentialAction\":[{\"@type\":\"ReadAction\",\"target\":[\"https:\/\/sakino.de\/de\/meine-arbeitsweise\/\"]}]},{\"@type\":\"ImageObject\",\"inLanguage\":\"de\",\"@id\":\"https:\/\/sakino.de\/de\/meine-arbeitsweise\/#primaryimage\",\"url\":\"https:\/\/sakino.de\/wp-content\/uploads\/2015\/08\/poppies_meadow-wallpaper-2880x1800.jpg\",\"contentUrl\":\"https:\/\/sakino.de\/wp-content\/uploads\/2015\/08\/poppies_meadow-wallpaper-2880x1800.jpg\",\"width\":2880,\"height\":1800},{\"@type\":\"BreadcrumbList\",\"@id\":\"https:\/\/sakino.de\/de\/meine-arbeitsweise\/#breadcrumb\",\"itemListElement\":[{\"@type\":\"ListItem\",\"position\":1,\"name\":\"Home\",\"item\":\"https:\/\/sakino.de\/\"},{\"@type\":\"ListItem\",\"position\":2,\"name\":\"Meine Arbeitsweise\"}]},{\"@type\":\"WebSite\",\"@id\":\"https:\/\/sakino.de\/#website\",\"url\":\"https:\/\/sakino.de\/\",\"name\":\"\",\"description\":\"\",\"publisher\":{\"@id\":\"https:\/\/sakino.de\/#organization\"},\"potentialAction\":[{\"@type\":\"SearchAction\",\"target\":{\"@type\":\"EntryPoint\",\"urlTemplate\":\"https:\/\/sakino.de\/?s={search_term_string}\"},\"query-input\":{\"@type\":\"PropertyValueSpecification\",\"valueRequired\":true,\"valueName\":\"search_term_string\"}}],\"inLanguage\":\"de\"},{\"@type\":\"Organization\",\"@id\":\"https:\/\/sakino.de\/#organization\",\"name\":\"Sakino | Family Constellations therapy and Trauma Healing\",\"url\":\"https:\/\/sakino.de\/\",\"logo\":{\"@type\":\"ImageObject\",\"inLanguage\":\"de\",\"@id\":\"https:\/\/sakino.de\/#\/schema\/logo\/image\/\",\"url\":\"https:\/\/sakino.de\/wp-content\/uploads\/2018\/09\/joy_of_living.png\",\"contentUrl\":\"https:\/\/sakino.de\/wp-content\/uploads\/2018\/09\/joy_of_living.png\",\"width\":298,\"height\":437,\"caption\":\"Sakino | Family Constellations therapy and Trauma Healing\"},\"image\":{\"@id\":\"https:\/\/sakino.de\/#\/schema\/logo\/image\/\"},\"sameAs\":[\"https:\/\/www.facebook.com\/BerlinConstellations\/\",\"https:\/\/www.instagram.com\/sakino.sternberg\/\",\"https:\/\/www.youtube.com\/channel\/UCIBbVo0pI8OUNKyhBuuU8Dg\"]}]}<\/script>\n<!-- \/ Yoast SEO plugin. -->","yoast_head_json":{"title":"Meine Arbeitsweise |","description":"Meine Arbeitsweise | In meiner Arbeit leiten mich Liebe, Achtung, Meditation, systemisches Denken, Humor und ein unersch\u00fctterlicher Glaube daran, dass jeder Mensch ein | Family Constellations","robots":{"index":"index","follow":"follow","max-snippet":"max-snippet:-1","max-image-preview":"max-image-preview:large","max-video-preview":"max-video-preview:-1"},"canonical":"https:\/\/sakino.de\/de\/meine-arbeitsweise\/","og_locale":"de_DE","og_type":"article","og_title":"Meine Arbeitsweise |","og_description":"Meine Arbeitsweise | In meiner Arbeit leiten mich Liebe, Achtung, Meditation, systemisches Denken, Humor und ein unersch\u00fctterlicher Glaube daran, dass jeder Mensch ein | Family Constellations","og_url":"https:\/\/sakino.de\/de\/meine-arbeitsweise\/","article_publisher":"https:\/\/www.facebook.com\/BerlinConstellations\/","article_modified_time":"2025-01-29T10:03:24+00:00","og_image":[{"width":2880,"height":1800,"url":"https:\/\/sakino.de\/wp-content\/uploads\/2015\/08\/poppies_meadow-wallpaper-2880x1800.jpg","type":"image\/jpeg"}],"twitter_card":"summary_large_image","twitter_misc":{"Gesch\u00e4tzte Lesezeit":"2\u00a0Minuten"},"schema":{"@context":"https:\/\/schema.org","@graph":[{"@type":"WebPage","@id":"https:\/\/sakino.de\/de\/meine-arbeitsweise\/","url":"https:\/\/sakino.de\/de\/meine-arbeitsweise\/","name":"Meine Arbeitsweise |","isPartOf":{"@id":"https:\/\/sakino.de\/#website"},"primaryImageOfPage":{"@id":"https:\/\/sakino.de\/de\/meine-arbeitsweise\/#primaryimage"},"image":{"@id":"https:\/\/sakino.de\/de\/meine-arbeitsweise\/#primaryimage"},"thumbnailUrl":"https:\/\/sakino.de\/wp-content\/uploads\/2015\/08\/poppies_meadow-wallpaper-2880x1800.jpg","datePublished":"2021-03-02T22:43:40+00:00","dateModified":"2025-01-29T10:03:24+00:00","description":"Meine Arbeitsweise | In meiner Arbeit leiten mich Liebe, Achtung, Meditation, systemisches Denken, Humor und ein unersch\u00fctterlicher Glaube daran, dass jeder Mensch ein | Family Constellations","breadcrumb":{"@id":"https:\/\/sakino.de\/de\/meine-arbeitsweise\/#breadcrumb"},"inLanguage":"de","potentialAction":[{"@type":"ReadAction","target":["https:\/\/sakino.de\/de\/meine-arbeitsweise\/"]}]},{"@type":"ImageObject","inLanguage":"de","@id":"https:\/\/sakino.de\/de\/meine-arbeitsweise\/#primaryimage","url":"https:\/\/sakino.de\/wp-content\/uploads\/2015\/08\/poppies_meadow-wallpaper-2880x1800.jpg","contentUrl":"https:\/\/sakino.de\/wp-content\/uploads\/2015\/08\/poppies_meadow-wallpaper-2880x1800.jpg","width":2880,"height":1800},{"@type":"BreadcrumbList","@id":"https:\/\/sakino.de\/de\/meine-arbeitsweise\/#breadcrumb","itemListElement":[{"@type":"ListItem","position":1,"name":"Home","item":"https:\/\/sakino.de\/"},{"@type":"ListItem","position":2,"name":"Meine Arbeitsweise"}]},{"@type":"WebSite","@id":"https:\/\/sakino.de\/#website","url":"https:\/\/sakino.de\/","name":"","description":"","publisher":{"@id":"https:\/\/sakino.de\/#organization"},"potentialAction":[{"@type":"SearchAction","target":{"@type":"EntryPoint","urlTemplate":"https:\/\/sakino.de\/?s={search_term_string}"},"query-input":{"@type":"PropertyValueSpecification","valueRequired":true,"valueName":"search_term_string"}}],"inLanguage":"de"},{"@type":"Organization","@id":"https:\/\/sakino.de\/#organization","name":"Sakino | Family Constellations therapy and Trauma Healing","url":"https:\/\/sakino.de\/","logo":{"@type":"ImageObject","inLanguage":"de","@id":"https:\/\/sakino.de\/#\/schema\/logo\/image\/","url":"https:\/\/sakino.de\/wp-content\/uploads\/2018\/09\/joy_of_living.png","contentUrl":"https:\/\/sakino.de\/wp-content\/uploads\/2018\/09\/joy_of_living.png","width":298,"height":437,"caption":"Sakino | Family Constellations therapy and Trauma Healing"},"image":{"@id":"https:\/\/sakino.de\/#\/schema\/logo\/image\/"},"sameAs":["https:\/\/www.facebook.com\/BerlinConstellations\/","https:\/\/www.instagram.com\/sakino.sternberg\/","https:\/\/www.youtube.com\/channel\/UCIBbVo0pI8OUNKyhBuuU8Dg"]}]}},"_links":{"self":[{"href":"https:\/\/sakino.de\/wp-json\/wp\/v2\/pages\/1263","targetHints":{"allow":["GET"]}}],"collection":[{"href":"https:\/\/sakino.de\/wp-json\/wp\/v2\/pages"}],"about":[{"href":"https:\/\/sakino.de\/wp-json\/wp\/v2\/types\/page"}],"author":[{"embeddable":true,"href":"https:\/\/sakino.de\/wp-json\/wp\/v2\/users\/1"}],"replies":[{"embeddable":true,"href":"https:\/\/sakino.de\/wp-json\/wp\/v2\/comments?post=1263"}],"version-history":[{"count":8,"href":"https:\/\/sakino.de\/wp-json\/wp\/v2\/pages\/1263\/revisions"}],"predecessor-version":[{"id":1739,"href":"https:\/\/sakino.de\/wp-json\/wp\/v2\/pages\/1263\/revisions\/1739"}],"wp:featuredmedia":[{"embeddable":true,"href":"https:\/\/sakino.de\/wp-json\/wp\/v2\/media\/4"}],"wp:attachment":[{"href":"https:\/\/sakino.de\/wp-json\/wp\/v2\/media?parent=1263"}],"curies":[{"name":"wp","href":"https:\/\/api.w.org\/{rel}","templated":true}]}}