{"id":1301,"date":"2021-03-03T22:22:54","date_gmt":"2021-03-03T21:22:54","guid":{"rendered":"https:\/\/sakino.de\/?page_id=1301"},"modified":"2022-07-16T01:44:47","modified_gmt":"2022-07-15T23:44:47","slug":"links","status":"publish","type":"page","link":"https:\/\/sakino.de\/de\/links\/","title":{"rendered":"Links"},"content":{"rendered":"<p style=\"text-align: right;\"><a href=\"https:\/\/sakino.de\/links\/\"><img loading=\"lazy\" decoding=\"async\" class=\"alignright wp-image-170 size-full\" src=\"https:\/\/sakino.de\/wp-content\/uploads\/2015\/08\/United_Kingdom.png\" alt=\"\" width=\"20\" height=\"12\" \/><\/a><\/p>\n<p>Meine Links repr\u00e4sentieren \u00a0Menschen und Projekte, die ich pers\u00f6nlich kenne und wertsch\u00e4tze, nicht nur aus der therapeutischen Welt. F\u00fcr die Inhalte sind ausschliesslich die Betreiber der Webseiten verantwortlich.<\/p>\n<p><a href=\"http:\/\/www.conflict-dialogue.org\" target=\"_blank\" rel=\"noopener noreferrer\">www.conflict-dialogue.org<\/a><\/p>\n<p><a href=\"http:\/\/www.drlaurenceheller.com\" target=\"_blank\" rel=\"noopener noreferrer\">www.drlaurenceheller.com<\/a><\/p>\n<p><a href=\"http:\/\/www.systemaufstellung.com\">http:\/\/www.systemaufstellung.com<\/a><\/p>\n<p><a href=\"http:\/\/www.yalom.com\">www.yalom.com<\/a><\/p>\n<p><a href=\"http:\/\/www.drgabormate.com\">www.drgabormate.com<\/a><\/p>\n<p><a href=\"http:\/\/www.somaticexperiencing.com\">www.somaticexperiencing.com<\/a><\/p>\n<p><a href=\"http:\/\/www.stephenporges.com\">http:\/\/www.stephenporges.com<\/a><\/p>\n<p><a href=\"http:\/\/www.swingspiration.com\" target=\"_blank\" rel=\"noopener noreferrer\">www.swingspiration.com<\/a><\/p>\n<p><a href=\"http:\/\/www.tillschleinitz.de\">www.tillschleinitz.de<\/a><\/p>\n<p><a href=\"http:\/\/www.facebook.com\/peaceofpaper1\">www.facebook.com\/peaceofpaper1\u00a0<\/a><\/p>\n<p>&nbsp;<\/p>\n<p>&nbsp;<\/p>\n","protected":false},"excerpt":{"rendered":"<p>Meine Links repr\u00e4sentieren \u00a0Menschen und Projekte, die ich pers\u00f6nlich kenne und wertsch\u00e4tze, nicht nur aus der therapeutischen Welt. F\u00fcr die Inhalte sind ausschliesslich die Betreiber der Webseiten verantwortlich. www.conflict-dialogue.org www.drlaurenceheller.com http:\/\/www.systemaufstellung.com www.yalom.com www.drgabormate.com www.somaticexperiencing.com http:\/\/www.stephenporges.com www.swingspiration.com www.tillschleinitz.de www.facebook.com\/peaceofpaper1\u00a0 &nbsp; &nbsp;<\/p>\n","protected":false},"author":1,"featured_media":0,"parent":0,"menu_order":0,"comment_status":"closed","ping_status":"closed","template":"page-templates\/left-right-sidebar.php","meta":{"_locale":"de_DE","_original_post":"http:\/\/www.sakino.de\/?page_id=20","footnotes":""},"class_list":["post-1301","page","type-page","status-publish","hentry","de-DE"],"yoast_head":"<!-- This site is optimized with the Yoast SEO plugin v27.1.1 - https:\/\/yoast.com\/product\/yoast-seo-wordpress\/ -->\n<title>Links |<\/title>\n<meta name=\"description\" content=\"Links | Meine Links repr\u00e4sentieren \u00a0Menschen und Projekte, die ich pers\u00f6nlich kenne und wertsch\u00e4tze, nicht nur aus der therapeutischen Welt. F\u00fcr die Inhalte sind | Family Constellations\" \/>\n<meta name=\"robots\" content=\"index, follow, max-snippet:-1, max-image-preview:large, max-video-preview:-1\" \/>\n<link rel=\"canonical\" href=\"https:\/\/sakino.de\/de\/links\/\" \/>\n<meta property=\"og:locale\" content=\"de_DE\" \/>\n<meta property=\"og:type\" content=\"article\" \/>\n<meta property=\"og:title\" content=\"Links |\" \/>\n<meta property=\"og:description\" content=\"Links | Meine Links repr\u00e4sentieren \u00a0Menschen und Projekte, die ich pers\u00f6nlich kenne und wertsch\u00e4tze, nicht nur aus der therapeutischen Welt. F\u00fcr die Inhalte sind | Family Constellations\" \/>\n<meta property=\"og:url\" content=\"https:\/\/sakino.de\/de\/links\/\" \/>\n<meta property=\"article:publisher\" content=\"https:\/\/www.facebook.com\/BerlinConstellations\/\" \/>\n<meta property=\"article:modified_time\" content=\"2022-07-15T23:44:47+00:00\" \/>\n<meta property=\"og:image\" content=\"https:\/\/sakino.de\/wp-content\/uploads\/2015\/08\/United_Kingdom.png\" \/>\n<meta name=\"twitter:card\" content=\"summary_large_image\" \/>\n<meta name=\"twitter:label1\" content=\"Gesch\u00e4tzte Lesezeit\" \/>\n\t<meta name=\"twitter:data1\" content=\"1\u00a0Minute\" \/>\n<script type=\"application\/ld+json\" class=\"yoast-schema-graph\">{\"@context\":\"https:\/\/schema.org\",\"@graph\":[{\"@type\":\"WebPage\",\"@id\":\"https:\/\/sakino.de\/de\/links\/\",\"url\":\"https:\/\/sakino.de\/de\/links\/\",\"name\":\"Links |\",\"isPartOf\":{\"@id\":\"https:\/\/sakino.de\/#website\"},\"primaryImageOfPage\":{\"@id\":\"https:\/\/sakino.de\/de\/links\/#primaryimage\"},\"image\":{\"@id\":\"https:\/\/sakino.de\/de\/links\/#primaryimage\"},\"thumbnailUrl\":\"https:\/\/sakino.de\/wp-content\/uploads\/2015\/08\/United_Kingdom.png\",\"datePublished\":\"2021-03-03T21:22:54+00:00\",\"dateModified\":\"2022-07-15T23:44:47+00:00\",\"description\":\"Links | Meine Links repr\u00e4sentieren \u00a0Menschen und Projekte, die ich pers\u00f6nlich kenne und wertsch\u00e4tze, nicht nur aus der therapeutischen Welt. F\u00fcr die Inhalte sind | Family Constellations\",\"breadcrumb\":{\"@id\":\"https:\/\/sakino.de\/de\/links\/#breadcrumb\"},\"inLanguage\":\"de\",\"potentialAction\":[{\"@type\":\"ReadAction\",\"target\":[\"https:\/\/sakino.de\/de\/links\/\"]}]},{\"@type\":\"ImageObject\",\"inLanguage\":\"de\",\"@id\":\"https:\/\/sakino.de\/de\/links\/#primaryimage\",\"url\":\"https:\/\/sakino.de\/wp-content\/uploads\/2015\/08\/United_Kingdom.png\",\"contentUrl\":\"https:\/\/sakino.de\/wp-content\/uploads\/2015\/08\/United_Kingdom.png\",\"width\":20,\"height\":12},{\"@type\":\"BreadcrumbList\",\"@id\":\"https:\/\/sakino.de\/de\/links\/#breadcrumb\",\"itemListElement\":[{\"@type\":\"ListItem\",\"position\":1,\"name\":\"Home\",\"item\":\"https:\/\/sakino.de\/\"},{\"@type\":\"ListItem\",\"position\":2,\"name\":\"Links\"}]},{\"@type\":\"WebSite\",\"@id\":\"https:\/\/sakino.de\/#website\",\"url\":\"https:\/\/sakino.de\/\",\"name\":\"\",\"description\":\"\",\"publisher\":{\"@id\":\"https:\/\/sakino.de\/#organization\"},\"potentialAction\":[{\"@type\":\"SearchAction\",\"target\":{\"@type\":\"EntryPoint\",\"urlTemplate\":\"https:\/\/sakino.de\/?s={search_term_string}\"},\"query-input\":{\"@type\":\"PropertyValueSpecification\",\"valueRequired\":true,\"valueName\":\"search_term_string\"}}],\"inLanguage\":\"de\"},{\"@type\":\"Organization\",\"@id\":\"https:\/\/sakino.de\/#organization\",\"name\":\"Sakino | Family Constellations therapy and Trauma Healing\",\"url\":\"https:\/\/sakino.de\/\",\"logo\":{\"@type\":\"ImageObject\",\"inLanguage\":\"de\",\"@id\":\"https:\/\/sakino.de\/#\/schema\/logo\/image\/\",\"url\":\"https:\/\/sakino.de\/wp-content\/uploads\/2018\/09\/joy_of_living.png\",\"contentUrl\":\"https:\/\/sakino.de\/wp-content\/uploads\/2018\/09\/joy_of_living.png\",\"width\":298,\"height\":437,\"caption\":\"Sakino | Family Constellations therapy and Trauma Healing\"},\"image\":{\"@id\":\"https:\/\/sakino.de\/#\/schema\/logo\/image\/\"},\"sameAs\":[\"https:\/\/www.facebook.com\/BerlinConstellations\/\",\"https:\/\/www.instagram.com\/sakino.sternberg\/\",\"https:\/\/www.youtube.com\/channel\/UCIBbVo0pI8OUNKyhBuuU8Dg\"]}]}<\/script>\n<!-- \/ Yoast SEO plugin. -->","yoast_head_json":{"title":"Links |","description":"Links | Meine Links repr\u00e4sentieren \u00a0Menschen und Projekte, die ich pers\u00f6nlich kenne und wertsch\u00e4tze, nicht nur aus der therapeutischen Welt. F\u00fcr die Inhalte sind | Family Constellations","robots":{"index":"index","follow":"follow","max-snippet":"max-snippet:-1","max-image-preview":"max-image-preview:large","max-video-preview":"max-video-preview:-1"},"canonical":"https:\/\/sakino.de\/de\/links\/","og_locale":"de_DE","og_type":"article","og_title":"Links |","og_description":"Links | Meine Links repr\u00e4sentieren \u00a0Menschen und Projekte, die ich pers\u00f6nlich kenne und wertsch\u00e4tze, nicht nur aus der therapeutischen Welt. F\u00fcr die Inhalte sind | Family Constellations","og_url":"https:\/\/sakino.de\/de\/links\/","article_publisher":"https:\/\/www.facebook.com\/BerlinConstellations\/","article_modified_time":"2022-07-15T23:44:47+00:00","og_image":[{"url":"https:\/\/sakino.de\/wp-content\/uploads\/2015\/08\/United_Kingdom.png","type":"","width":"","height":""}],"twitter_card":"summary_large_image","twitter_misc":{"Gesch\u00e4tzte Lesezeit":"1\u00a0Minute"},"schema":{"@context":"https:\/\/schema.org","@graph":[{"@type":"WebPage","@id":"https:\/\/sakino.de\/de\/links\/","url":"https:\/\/sakino.de\/de\/links\/","name":"Links |","isPartOf":{"@id":"https:\/\/sakino.de\/#website"},"primaryImageOfPage":{"@id":"https:\/\/sakino.de\/de\/links\/#primaryimage"},"image":{"@id":"https:\/\/sakino.de\/de\/links\/#primaryimage"},"thumbnailUrl":"https:\/\/sakino.de\/wp-content\/uploads\/2015\/08\/United_Kingdom.png","datePublished":"2021-03-03T21:22:54+00:00","dateModified":"2022-07-15T23:44:47+00:00","description":"Links | Meine Links repr\u00e4sentieren \u00a0Menschen und Projekte, die ich pers\u00f6nlich kenne und wertsch\u00e4tze, nicht nur aus der therapeutischen Welt. F\u00fcr die Inhalte sind | Family Constellations","breadcrumb":{"@id":"https:\/\/sakino.de\/de\/links\/#breadcrumb"},"inLanguage":"de","potentialAction":[{"@type":"ReadAction","target":["https:\/\/sakino.de\/de\/links\/"]}]},{"@type":"ImageObject","inLanguage":"de","@id":"https:\/\/sakino.de\/de\/links\/#primaryimage","url":"https:\/\/sakino.de\/wp-content\/uploads\/2015\/08\/United_Kingdom.png","contentUrl":"https:\/\/sakino.de\/wp-content\/uploads\/2015\/08\/United_Kingdom.png","width":20,"height":12},{"@type":"BreadcrumbList","@id":"https:\/\/sakino.de\/de\/links\/#breadcrumb","itemListElement":[{"@type":"ListItem","position":1,"name":"Home","item":"https:\/\/sakino.de\/"},{"@type":"ListItem","position":2,"name":"Links"}]},{"@type":"WebSite","@id":"https:\/\/sakino.de\/#website","url":"https:\/\/sakino.de\/","name":"","description":"","publisher":{"@id":"https:\/\/sakino.de\/#organization"},"potentialAction":[{"@type":"SearchAction","target":{"@type":"EntryPoint","urlTemplate":"https:\/\/sakino.de\/?s={search_term_string}"},"query-input":{"@type":"PropertyValueSpecification","valueRequired":true,"valueName":"search_term_string"}}],"inLanguage":"de"},{"@type":"Organization","@id":"https:\/\/sakino.de\/#organization","name":"Sakino | Family Constellations therapy and Trauma Healing","url":"https:\/\/sakino.de\/","logo":{"@type":"ImageObject","inLanguage":"de","@id":"https:\/\/sakino.de\/#\/schema\/logo\/image\/","url":"https:\/\/sakino.de\/wp-content\/uploads\/2018\/09\/joy_of_living.png","contentUrl":"https:\/\/sakino.de\/wp-content\/uploads\/2018\/09\/joy_of_living.png","width":298,"height":437,"caption":"Sakino | Family Constellations therapy and Trauma Healing"},"image":{"@id":"https:\/\/sakino.de\/#\/schema\/logo\/image\/"},"sameAs":["https:\/\/www.facebook.com\/BerlinConstellations\/","https:\/\/www.instagram.com\/sakino.sternberg\/","https:\/\/www.youtube.com\/channel\/UCIBbVo0pI8OUNKyhBuuU8Dg"]}]}},"_links":{"self":[{"href":"https:\/\/sakino.de\/wp-json\/wp\/v2\/pages\/1301","targetHints":{"allow":["GET"]}}],"collection":[{"href":"https:\/\/sakino.de\/wp-json\/wp\/v2\/pages"}],"about":[{"href":"https:\/\/sakino.de\/wp-json\/wp\/v2\/types\/page"}],"author":[{"embeddable":true,"href":"https:\/\/sakino.de\/wp-json\/wp\/v2\/users\/1"}],"replies":[{"embeddable":true,"href":"https:\/\/sakino.de\/wp-json\/wp\/v2\/comments?post=1301"}],"version-history":[{"count":4,"href":"https:\/\/sakino.de\/wp-json\/wp\/v2\/pages\/1301\/revisions"}],"predecessor-version":[{"id":1481,"href":"https:\/\/sakino.de\/wp-json\/wp\/v2\/pages\/1301\/revisions\/1481"}],"wp:attachment":[{"href":"https:\/\/sakino.de\/wp-json\/wp\/v2\/media?parent=1301"}],"curies":[{"name":"wp","href":"https:\/\/api.w.org\/{rel}","templated":true}]}}