{"id":69,"date":"2018-09-11T21:08:16","date_gmt":"2018-09-11T21:08:16","guid":{"rendered":"http:\/\/sakino.de\/healyourroots\/?page_id=69"},"modified":"2022-06-30T17:58:16","modified_gmt":"2022-06-30T17:58:16","slug":"home","status":"publish","type":"page","link":"https:\/\/sakino.de\/healyourroots\/de\/home\/","title":{"rendered":"Startseite"},"content":{"rendered":"<h3 style=\"text-align: center;\"><strong>Gegenw\u00e4rtig leite ich Trainings<\/strong><br \/>\n<strong>in Familien- und Systemaufstellungen und Trauma Heilung<\/strong><br \/>\n<strong>(Heal Your Roots)<br \/>\n<\/strong><\/h3>\n<h3 style=\"text-align: center;\"><strong>Alle Trainings finden bis auf Weiteres online statt (Englisch)!<\/strong><\/h3>\n<h3><\/h3>\n<h3 style=\"text-align: center;\">\n<strong>Hier ein Vortrag, den ich f\u00fcr Kollegen \u00fcber das Training und meinen Weg gehalten habe. Auf deutsch.<\/strong><\/h3>\n<p style=\"text-align: center;\"><iframe title=\"Sakino Mathilde Sternberg\" width=\"1140\" height=\"641\" src=\"https:\/\/www.youtube.com\/embed\/W4cCrZkk66c?feature=oembed\" frameborder=\"0\" allow=\"accelerometer; autoplay; clipboard-write; encrypted-media; gyroscope; picture-in-picture\" allowfullscreen><\/iframe><\/p>\n<p>&nbsp;<\/p>\n<h1 style=\"text-align: center;\"><strong>&#8218;HEAL YOUR ROOTS&#8216;<\/strong><\/h1>\n<h3 style=\"text-align: center;\"><strong><u>Weiterbildung in Familien- und Systemaufstellungen und Trauma \u2013 Heilung<br \/>\n<\/u><\/strong><\/h3>\n<p>Bist Du gl\u00fccklich in Deinem Leben? Lebst Du das Leben, das Du Dir w\u00fcnscht oder fragst Du Dich manchmal, warum manche Dinge so schwierig sind, obwohl Du doch alles tust, um ein erf\u00fclltes Leben zu f\u00fchren.<\/p>\n<p>Viele der Probleme, die uns in unserem Leben belasten oder behindern, haben ihre Wurzeln in unserer Herkunftsfamilie: Familien- oder Partnerschaftskonflikte, k\u00f6rperliche oder \/und seelische Erkrankungen wie z.B. Herzerkrankungen, Krebs, Schmerzerkrankungen, Depressionen, \u00c4ngste, Panik, Phobien, S\u00fcchte. Auch berufliche Themen, z.B. Schwierigkeiten bei der Berufswahl oder Konflikte am Arbeitsplatz k\u00f6nnen ihre Wurzeln in der Herkunftsfamilie haben.<\/p>\n<p>Familien- und Systemaufstellungen sind eine sanfte und wirksame Methode, um diese Zusammenh\u00e4nge sichtbar zu machen. In einer Art \u2018Rollenspiel\u2019, das vom Aufstellungsleiter moderiert wird, erh\u00e4lt der Klient neue Einsichten in die Dynamiken der Familie oder des Systems und kann dadurch eine Transformation erfahren.<\/p>\n<p>Oft werden in einer einzigen Aufstellungssitzung Zusammenh\u00e4nge aufgedeckt, die bisher unerkannt waren und die sich manchmal auf mehrere vorherige Generationen einer Familie erstrecken. Viele der sch\u00e4dlichen Folgen dieser Dynamiken k\u00f6nnen in einer Aufstellung aufgel\u00f6st werden, und der Klient wird ermutigt, die Vergangenheit anzunehmen und weiter zu gehen.<\/p>\n<p>Familienaufstellungen unterscheiden sich wesentlich von traditionellen Therapieformen wie Kognitiver Verhaltenstherapie oder Tiefenpsychologischer Psychotherapie. Die Aufstellungsmethode macht sich ein Ph\u00e4nomen zunutze: Zwischen Mitgliedern eines Systems gibt es Verbindungen, durch die Informationen nonverbal und generationen\u00fcbergreifend weitergegeben werden. Dieses \u201ewissende Feld\u201c ist vom\u00a0 bewussten Wissen des Einzelnen unabh\u00e4ngig und \u00fcbertr\u00e4gt Informationen von Generation zu Generation. Es wird im Rahmen einer Aufstellung sichtbar. Der Harvard-Biologe Rupert Sheldrake hat hierzu geforscht und beschrieben, dass die Natur ein ihr innwohnendes Ged\u00e4chtnis hat. Sheldrake nennt es das \u201emorphogenetische\u201c oder auch \u201emorphische Feld\u201c und die Informations\u00fcbertragungsweise \u201emorphische Resonanz\u201c. Diese bezeichnet die unsichtbaren Verbindungen zwischen Mitgliedern einer Spezies, die die Weitergabe von Information ohne Sprache erm\u00f6glicht. Was tiefenpsychologische Therapien oft m\u00fchsam \u00fcber Jahre erarbeiten und ans Licht holen, kann bei einer Systemaufstellung in einer oder wenigen Sitzungen sichtbar werden. Systemische Aufstellungen sind kurzzeitig, wirken nachhaltig und sind l\u00f6sungsorientiert.<\/p>\n<p>Viele Probleme und Schwierigkeiten, mit denen wir uns heute plagen, k\u00f6nnen von Traumata herr\u00fchren, die Familienmitglieder fr\u00fcherer Generationen erlitten haben. Wir wissen nichts von den traumatisierenden Geschehnissen oder kennen vielleicht nur Einzelheiten. Trotzdem beeinflussen sie uns. Diese Verbindung zwischen unseren gegenw\u00e4rtigen Themen und denen der Ahnen nennt man \u201esystemische Verstrickung\u201c. Das Erleben unserer Vorfahren ist nicht unsere pers\u00f6nliche Erfahrung, aber miturs\u00e4chlich f\u00fcr die Dynamik, die wir in unserem Leben erfahren.<\/p>\n<p>Nicht jedes Erleben von Familienmitgliedern l\u00f6st eine Verstrickung aus. Diese findet dann statt, wenn Traumen aus vorherigen Generationen unerl\u00f6st sind und eine Familie belasten, wie z.B. Mord, Suizid, Tod einer Mutter w\u00e4hrend der Geburt, fr\u00fcher Tod eines Elternteils oder Geschwisters, Krieg, Naturkatastrophen, Auswanderung, Missbrauch oder andere traumatische Ereignisse. Die Wirkung der Verstrickung geht \u00fcber viele Generationen. Der ungarische Arzt und Psychotherapeut Iv\u00e1n B\u00f6sz\u00f6rm\u00e9nyi-Nagy bezeichnete dieses Ph\u00e4nomen als \u2018Unsichtbare Bindungen&#8216;.<\/p>\n<h3 style=\"text-align: center;\"><strong><u>Wie werden Aufstellungen durchgef\u00fchrt?<\/u><\/strong><\/h3>\n<p>Aufstellungen k\u00f6nnen in der Gruppe oder in der Einzelsitzung durchgef\u00fchrt werden. Generell ist es in der Gruppe leichter, da die einzelnen Rollen von Stellvertretern wahrgenommen werden, der Klient muss nicht selber alle Rollen wahrnehmen.<\/p>\n<p>In der Einzelsitzung werden sogenannte Platzhalter benutzt, um die verschiedenen Rollen darzustellen. Platzhalter k\u00f6nnen St\u00fchle, Kissen, Figuren, Gegenst\u00e4nde, Papierb\u00f6gen o.\u00e4. sein. Der Klient, manchmal auch der Aufstellungsleiter, versetzt sich nacheinander in die verschiedenen Rollen und nimmt wahr. Dieses ist oft sehr anstrengend, kann aber auch zu guten Ergebnissen f\u00fchren, wenn der Klient zentriert und emotional nicht zu \u00fcberfrachtet ist.<\/p>\n<p>In der Gruppe: Die Teilnehmer der Gruppe sind nacheinander eingeladen, ein pers\u00f6nliches Anliegen mit Hilfe einer Aufstellung zu erforschen. Der Aufstellungsleiter arbeitet mit jeder Person einzeln. Er erfragt das Anliegen in einem, meist kurzen, Interview. Dann schl\u00e4gt er vor, welche Personen oder Aspekte in der Aufstellung durch Stellvertreter repr\u00e4sentiert werden sollen. Meistens sind das: ein Stellvertreter f\u00fcr den Klienten, Stellvertreter f\u00fcr ein oder mehrere Familienmitglieder, manchmal auch abstrakte Konzepte, wie z.B. die Depression, oder ein Land. Der Klient bittet Gruppenmitglieder, diese Rollen einzunehmen. Dann stellt er die Stellvertreter im Raum in Beziehung zueinander auf, so, wie er es in diesem Moment f\u00fchlt. Danach setzt er sich und beobachtet. Die Stellvertreter haben ein paar Minuten Zeit, sich in die Rollen einzuf\u00fchlen. Anders als beim Psychodrama \u2018spielen\u2019 die Stellvertreter nicht und bekommen keine Vorgaben \u00fcber K\u00f6rperhaltung oder wie sie agieren sollen. Der Akzent liegt auf der repr\u00e4sentativen Wahrnehmung, Intuition und dem Wahrnehmen des Platzes. Der Aufstellungsleiter fragt nacheinander die Stellvertreter, wie sie sich an ihrem Platz f\u00fchlen in Bezug auf die anderen. Heilende L\u00f6sungen werden oftmals nach Umstellen oder Neu-Arrangieren der Stellvertreter gefunden. H\u00e4ufig werden fehlende, vergessene oder ausgeschlossene Familienmitglieder in die Aufstellung einbezogen. Manchmal werden, nachdem alle Stellvertreter den f\u00fcr sie \u2018richtigen\u2019 Platz gefunden haben, sogenannte heilende, den inneren Konflikt l\u00f6sende S\u00e4tze laut ausgesprochen. Wenn die Stellvertreter sich an ihrem Platz nicht gut f\u00fchlen, werden weitere Bewegungen vorgenommen, bis alle sich richtig an ihrem Platz f\u00fchlen.<\/p>\n<p>Manche Lebensereignisse \u2013 wie Traumata \u2013 ben\u00f6tigen f\u00fcr die Heilung spezielle Aufmerksamkeit und Achtsamkeit im Aufstellungsprozess. Immer tr\u00e4gt die ganze Gruppe und wirkt als \u2018Heilendes Feld\u2019. Auch wenn nicht jeder Teilnehmer seine eigene Aufstellung macht, erleben alle Teilnehmer schon allein durch das Dabei \u2013 Sein eine Heilung ihrer eigenen Themen.<\/p>\n<h3 style=\"text-align: center;\"><strong><u>Was bewirken Aufstellungen? Warum sollte jemand an einer Aufstellung teilnehmen?<\/u><\/strong><\/h3>\n<p>Aufstellungen bewirken ein tieferes Verst\u00e4ndnis der Dynamiken in der eigenen Herkunftsfamilie, des eigenen Landes, der Kultur, Religion, die alle zusammen uns unbewusst beeinflusst und zu der Peron gemacht haben, die wir heute sind. Sie werden Ihre Vergangenheit mehr annehmen und mehr im Frieden sein mit Ihrer Herkunft. Sie werden St\u00e4rke gewinnen f\u00fcr Ihr Leben in der Gegenwart. Sie werden mehr im Frieden sein mit der Person, die Sie sind und zu der Sie geworden sind. Systemaufstellungen k\u00f6nnen auch helfen bei beruflichen Themen oder Themen im Zusammenhang mit anderen sozialen Systemen, sowie zur L\u00f6sungsfindung bei anstehenden Lebensthemen.<\/p>\n<h3 style=\"text-align: center;\"><strong><u>Warum sollte jemand am Training teilnehmen?<\/u><\/strong><\/h3>\n<p><strong>F\u00fcr Ihr berufliches Leben:<\/strong> Sie werden lernen, systemische Techniken in Ihrer beruflichen, therapeutischen oder beratenden T\u00e4tigkeit einzusetzen.\u00a0 Sie werden Ihren \u2018Werkzeugkasten\u2019 um wesentliche Dinge erweitern, indem Sie in der Lage sein werden, verborgene Dynamiken in den Familiensystemen Ihrer Klienten zu erkennen, die mit keiner anderen Methode erkannt werden k\u00f6nnen. Und, noch wichtiger, Sie ersparen Ihren Klienten unn\u00f6tiges Leid, indem Sie verborgene Verstrickungen fr\u00fch erkennen und l\u00f6sen helfen.<\/p>\n<p><strong>F\u00fcr Ihr pers\u00f6nliches Leben:<\/strong> Sie werden ein tieferes Verst\u00e4ndnis \u00fcber die famili\u00e4ren Zusammenh\u00e4nge erwerben, die Sie zu der Person gemacht haben, die Sie heute sind. Sie werden destruktive Verhaltensmuster besser \u00e4ndern k\u00f6nnen und dadurch freier in Ihrem Handeln werden. Sie werden gl\u00fccklicher und zufriedener mit Ihrem Leben sein.<\/p>\n<div><\/div>\n<h3 style=\"text-align: center;\"><strong><u>Wie ist das Training aufgebaut?<\/u><\/strong><\/h3>\n<p>Den besten Lernerfolg garantiert die eigene Erfahrung. Daher besteht das Training aus Selbsterfahrung, theoretischem Grundlagenwissen und dem Erlernen der praktischen Anwendung.\u00a0 Die Teilnehmer werden ihre eigene Familie aufstellen sowie Stellvertreter in den Aufstellungen der anderen sein. Durch die Erfahrungen in Rollen verinnerlichen die Teilnehmer die \u201eTechnik\u201c des Aufstellens und lernen, sie sicher an andere weiterzugeben.<\/p>\n<p>Ein weiteres zu vermittelndes Fundament f\u00fcr die Arbeit ist das theoretische Wissen \u00fcber die Systemische Denk-\/ Arbeitsweise und Aufstellungsarbeit. Zum Handwerk geh\u00f6ren au\u00dferdem die Genogrammarbeit, das Storytelling und Kenntnisse der Traumaheilung. Wissen \u00fcber Selbstf\u00fcrsorge im Aufstellungsprozess erg\u00e4nzt das Training und rundet es ab<\/p>\n<div><\/div>\n<h3 style=\"text-align: center;\"><strong><u>Zeitliche Anforderungen:<\/u><\/strong><\/h3>\n<p>Das Training findet in 6 Modulen von je 6 Tagen statt.\u00a0 Zusammen ergibt das 36 Tage mit 38 Trainingseinheiten pro Modul.<\/p>\n<p>Jedes Modul hat ein Schwerpunktthema.<\/p>\n<p><strong>Modul 1:<\/strong> Familienaufstellungen, Grundlagen und Anwendung, Teil 1, Aufstellung der Herkunftsfamilie jedes Teilnehmers<\/p>\n<p><strong>Modul 2:<\/strong> Familienaufstellungen, Grundlagen und Anwendung, Teil 2, Aufstellung der Herkunftsfamilie jedes Teilnehmers<\/p>\n<p><strong>Modul 3:<\/strong> Biografiearbeit, Storytelling, Genogrammarbeit<\/p>\n<p><strong>Modul 4:<\/strong> Systemaufstellungen in Einzelarbeit und in verschiedenen Systemen<\/p>\n<p><strong>Modul 5:<\/strong> Umgang mit Trauma in der AufstellungsarbeitModul 6: Praktische Anwendung, Supervision, Selbstf\u00fcrsorge<\/p>\n<p>Die Zeiten zwischen den Modulen nutzen die Teilnehmer f\u00fcr kleinere \u2018Aufgaben\u2019 , die helfen, die Lernziele lebendig zu halten. Die Leiterin unterst\u00fctzt die Teilnehmer bei der Bildung von Peer-Gruppen zur gegenseitigen Unterst\u00fctzung und zum Austausch im Lernprozess.\u00a0 Nach Abschluss aller Trainingsteile erhalten die Teilnehmer ein Zertifikat \u00fcber die Teilnahme und zur Best\u00e4tigung der erlangten Qualifikation<\/p>\n<p><strong>Maximale Teilnehmerzahl:<\/strong>\u00a012<\/p>\n<p>&nbsp;<\/p>\n","protected":false},"excerpt":{"rendered":"<p>Gegenw\u00e4rtig leite ich Trainings in Familien- und Systemaufstellungen und Trauma Heilung (Heal Your Roots) Alle Trainings finden bis auf Weiteres online statt (Englisch)! Hier ein Vortrag, den ich f\u00fcr Kollegen \u00fcber das Training und meinen Weg gehalten habe. Auf deutsch. &nbsp; &#8218;HEAL YOUR ROOTS&#8216; Weiterbildung in Familien- und Systemaufstellungen und Trauma \u2013 Heilung Bist Du [&hellip;]<\/p>\n","protected":false},"author":1,"featured_media":0,"parent":0,"menu_order":0,"comment_status":"closed","ping_status":"closed","template":"page-templates\/full-width.php","meta":{"_locale":"de_DE","_original_post":"10","footnotes":""},"class_list":["post-69","page","type-page","status-publish","hentry","de-DE"],"yoast_head":"<!-- This site is optimized with the Yoast SEO plugin v27.1.1 - https:\/\/yoast.com\/product\/yoast-seo-wordpress\/ -->\n<title>Startseite - Heal Your Roots<\/title>\n<meta name=\"robots\" content=\"index, follow, max-snippet:-1, max-image-preview:large, max-video-preview:-1\" \/>\n<link rel=\"canonical\" href=\"https:\/\/sakino.de\/healyourroots\/de\/home\/\" \/>\n<meta property=\"og:locale\" content=\"de_DE\" \/>\n<meta property=\"og:type\" content=\"article\" \/>\n<meta property=\"og:title\" content=\"Startseite - Heal Your Roots\" \/>\n<meta property=\"og:description\" content=\"Gegenw\u00e4rtig leite ich Trainings in Familien- und Systemaufstellungen und Trauma Heilung (Heal Your Roots) Alle Trainings finden bis auf Weiteres online statt (Englisch)! Hier ein Vortrag, den ich f\u00fcr Kollegen \u00fcber das Training und meinen Weg gehalten habe. Auf deutsch. &nbsp; &#8218;HEAL YOUR ROOTS&#8216; Weiterbildung in Familien- und Systemaufstellungen und Trauma \u2013 Heilung Bist Du [&hellip;]\" \/>\n<meta property=\"og:url\" content=\"https:\/\/sakino.de\/healyourroots\/de\/home\/\" \/>\n<meta property=\"og:site_name\" content=\"Heal Your Roots\" \/>\n<meta property=\"article:modified_time\" content=\"2022-06-30T17:58:16+00:00\" \/>\n<meta name=\"twitter:card\" content=\"summary_large_image\" \/>\n<meta name=\"twitter:label1\" content=\"Gesch\u00e4tzte Lesezeit\" \/>\n\t<meta name=\"twitter:data1\" content=\"6\u00a0Minuten\" \/>\n<script type=\"application\/ld+json\" class=\"yoast-schema-graph\">{\"@context\":\"https:\/\/schema.org\",\"@graph\":[{\"@type\":\"WebPage\",\"@id\":\"https:\/\/sakino.de\/healyourroots\/de\/home\/\",\"url\":\"https:\/\/sakino.de\/healyourroots\/de\/home\/\",\"name\":\"Startseite - Heal Your Roots\",\"isPartOf\":{\"@id\":\"https:\/\/sakino.de\/healyourroots\/#website\"},\"datePublished\":\"2018-09-11T21:08:16+00:00\",\"dateModified\":\"2022-06-30T17:58:16+00:00\",\"breadcrumb\":{\"@id\":\"https:\/\/sakino.de\/healyourroots\/de\/home\/#breadcrumb\"},\"inLanguage\":\"de\",\"potentialAction\":[{\"@type\":\"ReadAction\",\"target\":[\"https:\/\/sakino.de\/healyourroots\/de\/home\/\"]}]},{\"@type\":\"BreadcrumbList\",\"@id\":\"https:\/\/sakino.de\/healyourroots\/de\/home\/#breadcrumb\",\"itemListElement\":[{\"@type\":\"ListItem\",\"position\":1,\"name\":\"Home\",\"item\":\"https:\/\/sakino.de\/healyourroots\/\"},{\"@type\":\"ListItem\",\"position\":2,\"name\":\"Startseite\"}]},{\"@type\":\"WebSite\",\"@id\":\"https:\/\/sakino.de\/healyourroots\/#website\",\"url\":\"https:\/\/sakino.de\/healyourroots\/\",\"name\":\"Heal Your Roots\",\"description\":\"\",\"potentialAction\":[{\"@type\":\"SearchAction\",\"target\":{\"@type\":\"EntryPoint\",\"urlTemplate\":\"https:\/\/sakino.de\/healyourroots\/?s={search_term_string}\"},\"query-input\":{\"@type\":\"PropertyValueSpecification\",\"valueRequired\":true,\"valueName\":\"search_term_string\"}}],\"inLanguage\":\"de\"}]}<\/script>\n<!-- \/ Yoast SEO plugin. -->","yoast_head_json":{"title":"Startseite - Heal Your Roots","robots":{"index":"index","follow":"follow","max-snippet":"max-snippet:-1","max-image-preview":"max-image-preview:large","max-video-preview":"max-video-preview:-1"},"canonical":"https:\/\/sakino.de\/healyourroots\/de\/home\/","og_locale":"de_DE","og_type":"article","og_title":"Startseite - Heal Your Roots","og_description":"Gegenw\u00e4rtig leite ich Trainings in Familien- und Systemaufstellungen und Trauma Heilung (Heal Your Roots) Alle Trainings finden bis auf Weiteres online statt (Englisch)! Hier ein Vortrag, den ich f\u00fcr Kollegen \u00fcber das Training und meinen Weg gehalten habe. Auf deutsch. &nbsp; &#8218;HEAL YOUR ROOTS&#8216; Weiterbildung in Familien- und Systemaufstellungen und Trauma \u2013 Heilung Bist Du [&hellip;]","og_url":"https:\/\/sakino.de\/healyourroots\/de\/home\/","og_site_name":"Heal Your Roots","article_modified_time":"2022-06-30T17:58:16+00:00","twitter_card":"summary_large_image","twitter_misc":{"Gesch\u00e4tzte Lesezeit":"6\u00a0Minuten"},"schema":{"@context":"https:\/\/schema.org","@graph":[{"@type":"WebPage","@id":"https:\/\/sakino.de\/healyourroots\/de\/home\/","url":"https:\/\/sakino.de\/healyourroots\/de\/home\/","name":"Startseite - Heal Your Roots","isPartOf":{"@id":"https:\/\/sakino.de\/healyourroots\/#website"},"datePublished":"2018-09-11T21:08:16+00:00","dateModified":"2022-06-30T17:58:16+00:00","breadcrumb":{"@id":"https:\/\/sakino.de\/healyourroots\/de\/home\/#breadcrumb"},"inLanguage":"de","potentialAction":[{"@type":"ReadAction","target":["https:\/\/sakino.de\/healyourroots\/de\/home\/"]}]},{"@type":"BreadcrumbList","@id":"https:\/\/sakino.de\/healyourroots\/de\/home\/#breadcrumb","itemListElement":[{"@type":"ListItem","position":1,"name":"Home","item":"https:\/\/sakino.de\/healyourroots\/"},{"@type":"ListItem","position":2,"name":"Startseite"}]},{"@type":"WebSite","@id":"https:\/\/sakino.de\/healyourroots\/#website","url":"https:\/\/sakino.de\/healyourroots\/","name":"Heal Your Roots","description":"","potentialAction":[{"@type":"SearchAction","target":{"@type":"EntryPoint","urlTemplate":"https:\/\/sakino.de\/healyourroots\/?s={search_term_string}"},"query-input":{"@type":"PropertyValueSpecification","valueRequired":true,"valueName":"search_term_string"}}],"inLanguage":"de"}]}},"_links":{"self":[{"href":"https:\/\/sakino.de\/healyourroots\/wp-json\/wp\/v2\/pages\/69","targetHints":{"allow":["GET"]}}],"collection":[{"href":"https:\/\/sakino.de\/healyourroots\/wp-json\/wp\/v2\/pages"}],"about":[{"href":"https:\/\/sakino.de\/healyourroots\/wp-json\/wp\/v2\/types\/page"}],"author":[{"embeddable":true,"href":"https:\/\/sakino.de\/healyourroots\/wp-json\/wp\/v2\/users\/1"}],"replies":[{"embeddable":true,"href":"https:\/\/sakino.de\/healyourroots\/wp-json\/wp\/v2\/comments?post=69"}],"version-history":[{"count":35,"href":"https:\/\/sakino.de\/healyourroots\/wp-json\/wp\/v2\/pages\/69\/revisions"}],"predecessor-version":[{"id":381,"href":"https:\/\/sakino.de\/healyourroots\/wp-json\/wp\/v2\/pages\/69\/revisions\/381"}],"wp:attachment":[{"href":"https:\/\/sakino.de\/healyourroots\/wp-json\/wp\/v2\/media?parent=69"}],"curies":[{"name":"wp","href":"https:\/\/api.w.org\/{rel}","templated":true}]}}